{"id":103,"date":"2022-12-27T09:02:54","date_gmt":"2022-12-27T09:02:54","guid":{"rendered":"https:\/\/hotelbeauvoir.ms.decms.eu\/chambres\/chambre-double\/"},"modified":"2024-05-10T07:32:59","modified_gmt":"2024-05-10T07:32:59","slug":"double-room","status":"publish","type":"page","link":"https:\/\/www.hotel-beauvoir.fr\/en\/rooms\/double-room\/","title":{"rendered":"Double Room"},"content":{"rendered":"<p><span data-sheets-value=\"{&quot;1&quot;:2,&quot;2&quot;:&quot;A deux ou seul, pour une ou plusieurs nuits, la chambre double vous permet de profiter au maximum de la capitale en vous offrant tous les \u00e9quipements n\u00e9cessaires \u00e0 la r\u00e9ussite de votre s\u00e9jour.\\r\\nEn fonction de la disponibilit\u00e9, il est possible de choisir une chambre sur rue ou sur cour. Certaines disposent d\u2019un \u00e9l\u00e9gant balcon avec vue d\u00e9gag\u00e9e.\\r\\n&quot;}\" data-sheets-userformat=\"{&quot;2&quot;:15295,&quot;3&quot;:{&quot;1&quot;:0},&quot;4&quot;:{&quot;1&quot;:2,&quot;2&quot;:14281427},&quot;5&quot;:{&quot;1&quot;:[{&quot;1&quot;:2,&quot;2&quot;:0,&quot;5&quot;:{&quot;1&quot;:2,&quot;2&quot;:0}},{&quot;1&quot;:0,&quot;2&quot;:0,&quot;3&quot;:3},{&quot;1&quot;:1,&quot;2&quot;:0,&quot;4&quot;:1}]},&quot;6&quot;:{&quot;1&quot;:[{&quot;1&quot;:2,&quot;2&quot;:0,&quot;5&quot;:{&quot;1&quot;:2,&quot;2&quot;:0}},{&quot;1&quot;:0,&quot;2&quot;:0,&quot;3&quot;:3},{&quot;1&quot;:1,&quot;2&quot;:0,&quot;4&quot;:1}]},&quot;7&quot;:{&quot;1&quot;:[{&quot;1&quot;:2,&quot;2&quot;:0,&quot;5&quot;:{&quot;1&quot;:2,&quot;2&quot;:0}},{&quot;1&quot;:0,&quot;2&quot;:0,&quot;3&quot;:3},{&quot;1&quot;:1,&quot;2&quot;:0,&quot;4&quot;:1}]},&quot;8&quot;:{&quot;1&quot;:[{&quot;1&quot;:2,&quot;2&quot;:0,&quot;5&quot;:{&quot;1&quot;:2,&quot;2&quot;:0}},{&quot;1&quot;:0,&quot;2&quot;:0,&quot;3&quot;:3},{&quot;1&quot;:1,&quot;2&quot;:0,&quot;4&quot;:1}]},&quot;10&quot;:1,&quot;11&quot;:4,&quot;12&quot;:0,&quot;14&quot;:{&quot;1&quot;:2,&quot;2&quot;:16711680},&quot;15&quot;:&quot;Calibri&quot;,&quot;16&quot;:11}\">As a individual or couple, for one or more nights, the Double Room allows you to enjoy the capital by offering you all the equipment necessary for the success of your stay.<\/span><\/p>\n<p>Some rooms have an elegant balcony with an unobstructed view.<\/p>\n","protected":false},"excerpt":{"rendered":"<p>As a individual or couple, for one or more nights, the Double Room allows you to enjoy the capital by offering you all the equipment necessary for the success of your stay. Some rooms have an elegant balcony with an unobstructed view.<\/p>\n","protected":false},"author":531,"featured_media":0,"parent":87,"menu_order":0,"comment_status":"closed","ping_status":"closed","template":"template-single-room.php","meta":{"footnotes":""},"class_list":["post-103","page","type-page","status-publish","hentry"],"yoast_head":"<!-- This site is optimized with the Yoast SEO plugin v26.9 - https:\/\/yoast.com\/product\/yoast-seo-wordpress\/ -->\n<title>Double room for one or two people<\/title>\n<meta name=\"description\" content=\"Your Double Room in the hearth of Paris\" \/>\n<meta name=\"robots\" content=\"index, follow, max-snippet:-1, max-image-preview:large, max-video-preview:-1\" \/>\n<link rel=\"canonical\" href=\"https:\/\/www.hotel-beauvoir.fr\/en\/rooms\/double-room\/\" \/>\n<meta property=\"og:locale\" content=\"en_US\" \/>\n<meta property=\"og:type\" content=\"article\" \/>\n<meta property=\"og:title\" content=\"Double room for one or two people\" \/>\n<meta property=\"og:description\" content=\"Your Double Room in the hearth of Paris\" \/>\n<meta property=\"og:url\" content=\"https:\/\/www.hotel-beauvoir.fr\/en\/rooms\/double-room\/\" \/>\n<meta property=\"og:site_name\" content=\"H\u00f4tel Beauvoir\" \/>\n<meta property=\"article:modified_time\" content=\"2024-05-10T07:32:59+00:00\" \/>\n<meta name=\"twitter:card\" content=\"summary_large_image\" \/>\n<meta name=\"twitter:label1\" content=\"Est. reading time\" \/>\n\t<meta name=\"twitter:data1\" content=\"1 minute\" \/>\n<script type=\"application\/ld+json\" class=\"yoast-schema-graph\">{\"@context\":\"https:\/\/schema.org\",\"@graph\":[{\"@type\":\"WebPage\",\"@id\":\"https:\/\/www.hotel-beauvoir.fr\/en\/rooms\/double-room\/\",\"url\":\"https:\/\/www.hotel-beauvoir.fr\/en\/rooms\/double-room\/\",\"name\":\"Double room for one or two people\",\"isPartOf\":{\"@id\":\"http:\/\/www.hotel-beauvoir.fr\/en\/#website\"},\"datePublished\":\"2022-12-27T09:02:54+00:00\",\"dateModified\":\"2024-05-10T07:32:59+00:00\",\"description\":\"Your Double Room in the hearth of Paris\",\"breadcrumb\":{\"@id\":\"https:\/\/www.hotel-beauvoir.fr\/en\/rooms\/double-room\/#breadcrumb\"},\"inLanguage\":\"en-US\",\"potentialAction\":[{\"@type\":\"ReadAction\",\"target\":[\"https:\/\/www.hotel-beauvoir.fr\/en\/rooms\/double-room\/\"]}]},{\"@type\":\"BreadcrumbList\",\"@id\":\"https:\/\/www.hotel-beauvoir.fr\/en\/rooms\/double-room\/#breadcrumb\",\"itemListElement\":[{\"@type\":\"ListItem\",\"position\":1,\"name\":\"Home\",\"item\":\"https:\/\/www.hotel-beauvoir.fr\/en\/\"},{\"@type\":\"ListItem\",\"position\":2,\"name\":\"Rooms\",\"item\":\"https:\/\/www.hotel-beauvoir.fr\/en\/rooms\/\"},{\"@type\":\"ListItem\",\"position\":3,\"name\":\"Double Room\"}]},{\"@type\":\"WebSite\",\"@id\":\"http:\/\/www.hotel-beauvoir.fr\/en\/#website\",\"url\":\"http:\/\/www.hotel-beauvoir.fr\/en\/\",\"name\":\"H\u00f4tel Beauvoir\",\"description\":\"\",\"potentialAction\":[{\"@type\":\"SearchAction\",\"target\":{\"@type\":\"EntryPoint\",\"urlTemplate\":\"http:\/\/www.hotel-beauvoir.fr\/en\/?s={search_term_string}\"},\"query-input\":{\"@type\":\"PropertyValueSpecification\",\"valueRequired\":true,\"valueName\":\"search_term_string\"}}],\"inLanguage\":\"en-US\"}]}<\/script>\n<!-- \/ Yoast SEO plugin. -->","yoast_head_json":{"title":"Double room for one or two people","description":"Your Double Room in the hearth of Paris","robots":{"index":"index","follow":"follow","max-snippet":"max-snippet:-1","max-image-preview":"max-image-preview:large","max-video-preview":"max-video-preview:-1"},"canonical":"https:\/\/www.hotel-beauvoir.fr\/en\/rooms\/double-room\/","og_locale":"en_US","og_type":"article","og_title":"Double room for one or two people","og_description":"Your Double Room in the hearth of Paris","og_url":"https:\/\/www.hotel-beauvoir.fr\/en\/rooms\/double-room\/","og_site_name":"H\u00f4tel Beauvoir","article_modified_time":"2024-05-10T07:32:59+00:00","twitter_card":"summary_large_image","twitter_misc":{"Est. reading time":"1 minute"},"schema":{"@context":"https:\/\/schema.org","@graph":[{"@type":"WebPage","@id":"https:\/\/www.hotel-beauvoir.fr\/en\/rooms\/double-room\/","url":"https:\/\/www.hotel-beauvoir.fr\/en\/rooms\/double-room\/","name":"Double room for one or two people","isPartOf":{"@id":"http:\/\/www.hotel-beauvoir.fr\/en\/#website"},"datePublished":"2022-12-27T09:02:54+00:00","dateModified":"2024-05-10T07:32:59+00:00","description":"Your Double Room in the hearth of Paris","breadcrumb":{"@id":"https:\/\/www.hotel-beauvoir.fr\/en\/rooms\/double-room\/#breadcrumb"},"inLanguage":"en-US","potentialAction":[{"@type":"ReadAction","target":["https:\/\/www.hotel-beauvoir.fr\/en\/rooms\/double-room\/"]}]},{"@type":"BreadcrumbList","@id":"https:\/\/www.hotel-beauvoir.fr\/en\/rooms\/double-room\/#breadcrumb","itemListElement":[{"@type":"ListItem","position":1,"name":"Home","item":"https:\/\/www.hotel-beauvoir.fr\/en\/"},{"@type":"ListItem","position":2,"name":"Rooms","item":"https:\/\/www.hotel-beauvoir.fr\/en\/rooms\/"},{"@type":"ListItem","position":3,"name":"Double Room"}]},{"@type":"WebSite","@id":"http:\/\/www.hotel-beauvoir.fr\/en\/#website","url":"http:\/\/www.hotel-beauvoir.fr\/en\/","name":"H\u00f4tel Beauvoir","description":"","potentialAction":[{"@type":"SearchAction","target":{"@type":"EntryPoint","urlTemplate":"http:\/\/www.hotel-beauvoir.fr\/en\/?s={search_term_string}"},"query-input":{"@type":"PropertyValueSpecification","valueRequired":true,"valueName":"search_term_string"}}],"inLanguage":"en-US"}]}},"acf":[],"_links":{"self":[{"href":"https:\/\/www.hotel-beauvoir.fr\/en\/wp-json\/wp\/v2\/pages\/103","targetHints":{"allow":["GET"]}}],"collection":[{"href":"https:\/\/www.hotel-beauvoir.fr\/en\/wp-json\/wp\/v2\/pages"}],"about":[{"href":"https:\/\/www.hotel-beauvoir.fr\/en\/wp-json\/wp\/v2\/types\/page"}],"author":[{"embeddable":true,"href":"https:\/\/www.hotel-beauvoir.fr\/en\/wp-json\/wp\/v2\/users\/531"}],"replies":[{"embeddable":true,"href":"https:\/\/www.hotel-beauvoir.fr\/en\/wp-json\/wp\/v2\/comments?post=103"}],"version-history":[{"count":0,"href":"https:\/\/www.hotel-beauvoir.fr\/en\/wp-json\/wp\/v2\/pages\/103\/revisions"}],"up":[{"embeddable":true,"href":"https:\/\/www.hotel-beauvoir.fr\/en\/wp-json\/wp\/v2\/pages\/87"}],"wp:attachment":[{"href":"https:\/\/www.hotel-beauvoir.fr\/en\/wp-json\/wp\/v2\/media?parent=103"}],"curies":[{"name":"wp","href":"https:\/\/api.w.org\/{rel}","templated":true}]}}