{"id":107,"date":"2022-12-27T09:03:38","date_gmt":"2022-12-27T09:03:38","guid":{"rendered":"https:\/\/hotelbeauvoir.ms.decms.eu\/chambres\/suite\/"},"modified":"2024-05-10T07:47:47","modified_gmt":"2024-05-10T07:47:47","slug":"hemingway-suite","status":"publish","type":"page","link":"https:\/\/www.hotel-beauvoir.fr\/en\/rooms\/hemingway-suite\/","title":{"rendered":"Hemingway Suite"},"content":{"rendered":"<p><span data-sheets-value=\"{&quot;1&quot;:2,&quot;2&quot;:&quot;Situ\u00e9e au dernier \u00e9tage de l\u2019h\u00f4tel, la suite Hemingway peut accueillir trois personnes et dispose de tous les \u00e9quipements n\u00e9cessaires \u00e0 la r\u00e9ussite de votre s\u00e9jour.\\r\\nProfitez d\u2019une vue imprenable sur Paris.\\r\\n&quot;}\" data-sheets-userformat=\"{&quot;2&quot;:15235,&quot;3&quot;:{&quot;1&quot;:0},&quot;4&quot;:{&quot;1&quot;:2,&quot;2&quot;:14281427},&quot;10&quot;:1,&quot;11&quot;:4,&quot;12&quot;:0,&quot;14&quot;:{&quot;1&quot;:2,&quot;2&quot;:16711680},&quot;15&quot;:&quot;Calibri&quot;,&quot;16&quot;:11}\">Located on the top floor of the hotel, Hemingway Suite can accommodate three people and<br \/>\nhas all the equipment necessary for the success of your stay. <\/span><\/p>\n<p><span data-sheets-value=\"{&quot;1&quot;:2,&quot;2&quot;:&quot;Situ\u00e9e au dernier \u00e9tage de l\u2019h\u00f4tel, la suite Hemingway peut accueillir trois personnes et dispose de tous les \u00e9quipements n\u00e9cessaires \u00e0 la r\u00e9ussite de votre s\u00e9jour.\\r\\nProfitez d\u2019une vue imprenable sur Paris.\\r\\n&quot;}\" data-sheets-userformat=\"{&quot;2&quot;:15235,&quot;3&quot;:{&quot;1&quot;:0},&quot;4&quot;:{&quot;1&quot;:2,&quot;2&quot;:14281427},&quot;10&quot;:1,&quot;11&quot;:4,&quot;12&quot;:0,&quot;14&quot;:{&quot;1&quot;:2,&quot;2&quot;:16711680},&quot;15&quot;:&quot;Calibri&quot;,&quot;16&quot;:11}\">The room has also a breathtaking view on Paris.<\/span><\/p>\n","protected":false},"excerpt":{"rendered":"<p>Located on the top floor of the hotel, Hemingway Suite can accommodate three people and has all the equipment necessary for the success of your stay. The room has also a breathtaking view on Paris.<\/p>\n","protected":false},"author":531,"featured_media":0,"parent":87,"menu_order":0,"comment_status":"closed","ping_status":"closed","template":"template-single-room.php","meta":{"footnotes":""},"class_list":["post-107","page","type-page","status-publish","hentry"],"yoast_head":"<!-- This site is optimized with the Yoast SEO plugin v26.9 - https:\/\/yoast.com\/product\/yoast-seo-wordpress\/ -->\n<title>Hemingway Suite for one or three people<\/title>\n<meta name=\"description\" content=\"Your Suite in the hearth of Paris.\" \/>\n<meta name=\"robots\" content=\"index, follow, max-snippet:-1, max-image-preview:large, max-video-preview:-1\" \/>\n<link rel=\"canonical\" href=\"https:\/\/www.hotel-beauvoir.fr\/en\/rooms\/hemingway-suite\/\" \/>\n<meta property=\"og:locale\" content=\"en_US\" \/>\n<meta property=\"og:type\" content=\"article\" \/>\n<meta property=\"og:title\" content=\"Hemingway Suite for one or three people\" \/>\n<meta property=\"og:description\" content=\"Your Suite in the hearth of Paris.\" \/>\n<meta property=\"og:url\" content=\"https:\/\/www.hotel-beauvoir.fr\/en\/rooms\/hemingway-suite\/\" \/>\n<meta property=\"og:site_name\" content=\"H\u00f4tel Beauvoir\" \/>\n<meta property=\"article:modified_time\" content=\"2024-05-10T07:47:47+00:00\" \/>\n<meta name=\"twitter:card\" content=\"summary_large_image\" \/>\n<meta name=\"twitter:label1\" content=\"Est. reading time\" \/>\n\t<meta name=\"twitter:data1\" content=\"1 minute\" \/>\n<script type=\"application\/ld+json\" class=\"yoast-schema-graph\">{\"@context\":\"https:\/\/schema.org\",\"@graph\":[{\"@type\":\"WebPage\",\"@id\":\"https:\/\/www.hotel-beauvoir.fr\/en\/rooms\/hemingway-suite\/\",\"url\":\"https:\/\/www.hotel-beauvoir.fr\/en\/rooms\/hemingway-suite\/\",\"name\":\"Hemingway Suite for one or three people\",\"isPartOf\":{\"@id\":\"http:\/\/www.hotel-beauvoir.fr\/en\/#website\"},\"datePublished\":\"2022-12-27T09:03:38+00:00\",\"dateModified\":\"2024-05-10T07:47:47+00:00\",\"description\":\"Your Suite in the hearth of Paris.\",\"breadcrumb\":{\"@id\":\"https:\/\/www.hotel-beauvoir.fr\/en\/rooms\/hemingway-suite\/#breadcrumb\"},\"inLanguage\":\"en-US\",\"potentialAction\":[{\"@type\":\"ReadAction\",\"target\":[\"https:\/\/www.hotel-beauvoir.fr\/en\/rooms\/hemingway-suite\/\"]}]},{\"@type\":\"BreadcrumbList\",\"@id\":\"https:\/\/www.hotel-beauvoir.fr\/en\/rooms\/hemingway-suite\/#breadcrumb\",\"itemListElement\":[{\"@type\":\"ListItem\",\"position\":1,\"name\":\"Home\",\"item\":\"https:\/\/www.hotel-beauvoir.fr\/en\/\"},{\"@type\":\"ListItem\",\"position\":2,\"name\":\"Rooms\",\"item\":\"https:\/\/www.hotel-beauvoir.fr\/en\/rooms\/\"},{\"@type\":\"ListItem\",\"position\":3,\"name\":\"Hemingway Suite\"}]},{\"@type\":\"WebSite\",\"@id\":\"http:\/\/www.hotel-beauvoir.fr\/en\/#website\",\"url\":\"http:\/\/www.hotel-beauvoir.fr\/en\/\",\"name\":\"H\u00f4tel Beauvoir\",\"description\":\"\",\"potentialAction\":[{\"@type\":\"SearchAction\",\"target\":{\"@type\":\"EntryPoint\",\"urlTemplate\":\"http:\/\/www.hotel-beauvoir.fr\/en\/?s={search_term_string}\"},\"query-input\":{\"@type\":\"PropertyValueSpecification\",\"valueRequired\":true,\"valueName\":\"search_term_string\"}}],\"inLanguage\":\"en-US\"}]}<\/script>\n<!-- \/ Yoast SEO plugin. -->","yoast_head_json":{"title":"Hemingway Suite for one or three people","description":"Your Suite in the hearth of Paris.","robots":{"index":"index","follow":"follow","max-snippet":"max-snippet:-1","max-image-preview":"max-image-preview:large","max-video-preview":"max-video-preview:-1"},"canonical":"https:\/\/www.hotel-beauvoir.fr\/en\/rooms\/hemingway-suite\/","og_locale":"en_US","og_type":"article","og_title":"Hemingway Suite for one or three people","og_description":"Your Suite in the hearth of Paris.","og_url":"https:\/\/www.hotel-beauvoir.fr\/en\/rooms\/hemingway-suite\/","og_site_name":"H\u00f4tel Beauvoir","article_modified_time":"2024-05-10T07:47:47+00:00","twitter_card":"summary_large_image","twitter_misc":{"Est. reading time":"1 minute"},"schema":{"@context":"https:\/\/schema.org","@graph":[{"@type":"WebPage","@id":"https:\/\/www.hotel-beauvoir.fr\/en\/rooms\/hemingway-suite\/","url":"https:\/\/www.hotel-beauvoir.fr\/en\/rooms\/hemingway-suite\/","name":"Hemingway Suite for one or three people","isPartOf":{"@id":"http:\/\/www.hotel-beauvoir.fr\/en\/#website"},"datePublished":"2022-12-27T09:03:38+00:00","dateModified":"2024-05-10T07:47:47+00:00","description":"Your Suite in the hearth of Paris.","breadcrumb":{"@id":"https:\/\/www.hotel-beauvoir.fr\/en\/rooms\/hemingway-suite\/#breadcrumb"},"inLanguage":"en-US","potentialAction":[{"@type":"ReadAction","target":["https:\/\/www.hotel-beauvoir.fr\/en\/rooms\/hemingway-suite\/"]}]},{"@type":"BreadcrumbList","@id":"https:\/\/www.hotel-beauvoir.fr\/en\/rooms\/hemingway-suite\/#breadcrumb","itemListElement":[{"@type":"ListItem","position":1,"name":"Home","item":"https:\/\/www.hotel-beauvoir.fr\/en\/"},{"@type":"ListItem","position":2,"name":"Rooms","item":"https:\/\/www.hotel-beauvoir.fr\/en\/rooms\/"},{"@type":"ListItem","position":3,"name":"Hemingway Suite"}]},{"@type":"WebSite","@id":"http:\/\/www.hotel-beauvoir.fr\/en\/#website","url":"http:\/\/www.hotel-beauvoir.fr\/en\/","name":"H\u00f4tel Beauvoir","description":"","potentialAction":[{"@type":"SearchAction","target":{"@type":"EntryPoint","urlTemplate":"http:\/\/www.hotel-beauvoir.fr\/en\/?s={search_term_string}"},"query-input":{"@type":"PropertyValueSpecification","valueRequired":true,"valueName":"search_term_string"}}],"inLanguage":"en-US"}]}},"acf":[],"_links":{"self":[{"href":"https:\/\/www.hotel-beauvoir.fr\/en\/wp-json\/wp\/v2\/pages\/107","targetHints":{"allow":["GET"]}}],"collection":[{"href":"https:\/\/www.hotel-beauvoir.fr\/en\/wp-json\/wp\/v2\/pages"}],"about":[{"href":"https:\/\/www.hotel-beauvoir.fr\/en\/wp-json\/wp\/v2\/types\/page"}],"author":[{"embeddable":true,"href":"https:\/\/www.hotel-beauvoir.fr\/en\/wp-json\/wp\/v2\/users\/531"}],"replies":[{"embeddable":true,"href":"https:\/\/www.hotel-beauvoir.fr\/en\/wp-json\/wp\/v2\/comments?post=107"}],"version-history":[{"count":0,"href":"https:\/\/www.hotel-beauvoir.fr\/en\/wp-json\/wp\/v2\/pages\/107\/revisions"}],"up":[{"embeddable":true,"href":"https:\/\/www.hotel-beauvoir.fr\/en\/wp-json\/wp\/v2\/pages\/87"}],"wp:attachment":[{"href":"https:\/\/www.hotel-beauvoir.fr\/en\/wp-json\/wp\/v2\/media?parent=107"}],"curies":[{"name":"wp","href":"https:\/\/api.w.org\/{rel}","templated":true}]}}