{"id":99,"date":"2022-12-27T09:02:05","date_gmt":"2022-12-27T09:02:05","guid":{"rendered":"https:\/\/hotelbeauvoir.ms.decms.eu\/chambres\/chambre-single-standard\/"},"modified":"2025-10-20T20:27:52","modified_gmt":"2025-10-20T20:27:52","slug":"single-standard-room","status":"publish","type":"page","link":"https:\/\/www.hotel-beauvoir.fr\/en\/rooms\/single-standard-room\/","title":{"rendered":"Single Standard room"},"content":{"rendered":"<p><span data-sheets-value=\"{&quot;1&quot;:2,&quot;2&quot;:&quot;De passage \u00e0 Paris pour une courte p\u00e9riode ou \u00e0 la recherche d\u2019un h\u00e9bergement situ\u00e9 au c\u0153ur de la capitale b\u00e9n\u00e9ficiant de tous les \u00e9quipements n\u00e9cessaires \u00e0 la r\u00e9ussite de votre s\u00e9jour, la chambre Single Standard, qui peut accueillir une personne, est faite pour vous. \\r\\nLa chambre donne sur une calme cour int\u00e9rieure.\\r\\n&quot;}\" data-sheets-userformat=\"{&quot;2&quot;:15295,&quot;3&quot;:{&quot;1&quot;:0},&quot;4&quot;:{&quot;1&quot;:2,&quot;2&quot;:14281427},&quot;5&quot;:{&quot;1&quot;:[{&quot;1&quot;:2,&quot;2&quot;:0,&quot;5&quot;:{&quot;1&quot;:2,&quot;2&quot;:0}},{&quot;1&quot;:0,&quot;2&quot;:0,&quot;3&quot;:3},{&quot;1&quot;:1,&quot;2&quot;:0,&quot;4&quot;:1}]},&quot;6&quot;:{&quot;1&quot;:[{&quot;1&quot;:2,&quot;2&quot;:0,&quot;5&quot;:{&quot;1&quot;:2,&quot;2&quot;:0}},{&quot;1&quot;:0,&quot;2&quot;:0,&quot;3&quot;:3},{&quot;1&quot;:1,&quot;2&quot;:0,&quot;4&quot;:1}]},&quot;7&quot;:{&quot;1&quot;:[{&quot;1&quot;:2,&quot;2&quot;:0,&quot;5&quot;:{&quot;1&quot;:2,&quot;2&quot;:0}},{&quot;1&quot;:0,&quot;2&quot;:0,&quot;3&quot;:3},{&quot;1&quot;:1,&quot;2&quot;:0,&quot;4&quot;:1}]},&quot;8&quot;:{&quot;1&quot;:[{&quot;1&quot;:2,&quot;2&quot;:0,&quot;5&quot;:{&quot;1&quot;:2,&quot;2&quot;:0}},{&quot;1&quot;:0,&quot;2&quot;:0,&quot;3&quot;:3},{&quot;1&quot;:1,&quot;2&quot;:0,&quot;4&quot;:1}]},&quot;10&quot;:1,&quot;11&quot;:4,&quot;12&quot;:0,&quot;14&quot;:{&quot;1&quot;:2,&quot;2&quot;:16711680},&quot;15&quot;:&quot;Calibri&quot;,&quot;16&quot;:11}\">If you are in Paris for a short period or looking for accommodation located in the heart of the capital with all the facilities necessary for the success of your stay, the Single Standard room, which can accommodate one person, is for you.<\/span><\/p>\n<p>Offering an area of <span class=\"math-inline\" data-math=\"8 \\text{ m}^2\">8 m2<\/span>, this room is furnished with a 90 cm bed and benefits from a view over a quiet interior courtyard, ensuring peace and quiet.<\/p>\n","protected":false},"excerpt":{"rendered":"<p>If you are in Paris for a short period or looking for accommodation located in the heart of the capital with all the facilities necessary for the success of your stay, the Single Standard room, which can accommodate one person, is for you. Offering an area of 8 m2, this room is furnished with a [&hellip;]<\/p>\n","protected":false},"author":531,"featured_media":0,"parent":87,"menu_order":0,"comment_status":"closed","ping_status":"closed","template":"template-single-room.php","meta":{"footnotes":""},"class_list":["post-99","page","type-page","status-publish","hentry"],"yoast_head":"<!-- This site is optimized with the Yoast SEO plugin v26.9 - https:\/\/yoast.com\/product\/yoast-seo-wordpress\/ -->\n<title>Single Standard room<\/title>\n<meta name=\"description\" content=\"Your Single room in the hearth of Paris\" \/>\n<meta name=\"robots\" content=\"index, follow, max-snippet:-1, max-image-preview:large, max-video-preview:-1\" \/>\n<link rel=\"canonical\" href=\"https:\/\/www.hotel-beauvoir.fr\/en\/rooms\/single-standard-room\/\" \/>\n<meta property=\"og:locale\" content=\"en_US\" \/>\n<meta property=\"og:type\" content=\"article\" \/>\n<meta property=\"og:title\" content=\"Single Standard room\" \/>\n<meta property=\"og:description\" content=\"Your Single room in the hearth of Paris\" \/>\n<meta property=\"og:url\" content=\"https:\/\/www.hotel-beauvoir.fr\/en\/rooms\/single-standard-room\/\" \/>\n<meta property=\"og:site_name\" content=\"H\u00f4tel Beauvoir\" \/>\n<meta property=\"article:modified_time\" content=\"2025-10-20T20:27:52+00:00\" \/>\n<meta name=\"twitter:card\" content=\"summary_large_image\" \/>\n<meta name=\"twitter:label1\" content=\"Est. reading time\" \/>\n\t<meta name=\"twitter:data1\" content=\"1 minute\" \/>\n<script type=\"application\/ld+json\" class=\"yoast-schema-graph\">{\"@context\":\"https:\/\/schema.org\",\"@graph\":[{\"@type\":\"WebPage\",\"@id\":\"https:\/\/www.hotel-beauvoir.fr\/en\/rooms\/single-standard-room\/\",\"url\":\"https:\/\/www.hotel-beauvoir.fr\/en\/rooms\/single-standard-room\/\",\"name\":\"Single Standard room\",\"isPartOf\":{\"@id\":\"http:\/\/www.hotel-beauvoir.fr\/en\/#website\"},\"datePublished\":\"2022-12-27T09:02:05+00:00\",\"dateModified\":\"2025-10-20T20:27:52+00:00\",\"description\":\"Your Single room in the hearth of Paris\",\"breadcrumb\":{\"@id\":\"https:\/\/www.hotel-beauvoir.fr\/en\/rooms\/single-standard-room\/#breadcrumb\"},\"inLanguage\":\"en-US\",\"potentialAction\":[{\"@type\":\"ReadAction\",\"target\":[\"https:\/\/www.hotel-beauvoir.fr\/en\/rooms\/single-standard-room\/\"]}]},{\"@type\":\"BreadcrumbList\",\"@id\":\"https:\/\/www.hotel-beauvoir.fr\/en\/rooms\/single-standard-room\/#breadcrumb\",\"itemListElement\":[{\"@type\":\"ListItem\",\"position\":1,\"name\":\"Home\",\"item\":\"https:\/\/www.hotel-beauvoir.fr\/en\/\"},{\"@type\":\"ListItem\",\"position\":2,\"name\":\"Rooms\",\"item\":\"https:\/\/www.hotel-beauvoir.fr\/en\/rooms\/\"},{\"@type\":\"ListItem\",\"position\":3,\"name\":\"Single Standard room\"}]},{\"@type\":\"WebSite\",\"@id\":\"http:\/\/www.hotel-beauvoir.fr\/en\/#website\",\"url\":\"http:\/\/www.hotel-beauvoir.fr\/en\/\",\"name\":\"H\u00f4tel Beauvoir\",\"description\":\"\",\"potentialAction\":[{\"@type\":\"SearchAction\",\"target\":{\"@type\":\"EntryPoint\",\"urlTemplate\":\"http:\/\/www.hotel-beauvoir.fr\/en\/?s={search_term_string}\"},\"query-input\":{\"@type\":\"PropertyValueSpecification\",\"valueRequired\":true,\"valueName\":\"search_term_string\"}}],\"inLanguage\":\"en-US\"}]}<\/script>\n<!-- \/ Yoast SEO plugin. -->","yoast_head_json":{"title":"Single Standard room","description":"Your Single room in the hearth of Paris","robots":{"index":"index","follow":"follow","max-snippet":"max-snippet:-1","max-image-preview":"max-image-preview:large","max-video-preview":"max-video-preview:-1"},"canonical":"https:\/\/www.hotel-beauvoir.fr\/en\/rooms\/single-standard-room\/","og_locale":"en_US","og_type":"article","og_title":"Single Standard room","og_description":"Your Single room in the hearth of Paris","og_url":"https:\/\/www.hotel-beauvoir.fr\/en\/rooms\/single-standard-room\/","og_site_name":"H\u00f4tel Beauvoir","article_modified_time":"2025-10-20T20:27:52+00:00","twitter_card":"summary_large_image","twitter_misc":{"Est. reading time":"1 minute"},"schema":{"@context":"https:\/\/schema.org","@graph":[{"@type":"WebPage","@id":"https:\/\/www.hotel-beauvoir.fr\/en\/rooms\/single-standard-room\/","url":"https:\/\/www.hotel-beauvoir.fr\/en\/rooms\/single-standard-room\/","name":"Single Standard room","isPartOf":{"@id":"http:\/\/www.hotel-beauvoir.fr\/en\/#website"},"datePublished":"2022-12-27T09:02:05+00:00","dateModified":"2025-10-20T20:27:52+00:00","description":"Your Single room in the hearth of Paris","breadcrumb":{"@id":"https:\/\/www.hotel-beauvoir.fr\/en\/rooms\/single-standard-room\/#breadcrumb"},"inLanguage":"en-US","potentialAction":[{"@type":"ReadAction","target":["https:\/\/www.hotel-beauvoir.fr\/en\/rooms\/single-standard-room\/"]}]},{"@type":"BreadcrumbList","@id":"https:\/\/www.hotel-beauvoir.fr\/en\/rooms\/single-standard-room\/#breadcrumb","itemListElement":[{"@type":"ListItem","position":1,"name":"Home","item":"https:\/\/www.hotel-beauvoir.fr\/en\/"},{"@type":"ListItem","position":2,"name":"Rooms","item":"https:\/\/www.hotel-beauvoir.fr\/en\/rooms\/"},{"@type":"ListItem","position":3,"name":"Single Standard room"}]},{"@type":"WebSite","@id":"http:\/\/www.hotel-beauvoir.fr\/en\/#website","url":"http:\/\/www.hotel-beauvoir.fr\/en\/","name":"H\u00f4tel Beauvoir","description":"","potentialAction":[{"@type":"SearchAction","target":{"@type":"EntryPoint","urlTemplate":"http:\/\/www.hotel-beauvoir.fr\/en\/?s={search_term_string}"},"query-input":{"@type":"PropertyValueSpecification","valueRequired":true,"valueName":"search_term_string"}}],"inLanguage":"en-US"}]}},"acf":[],"_links":{"self":[{"href":"https:\/\/www.hotel-beauvoir.fr\/en\/wp-json\/wp\/v2\/pages\/99","targetHints":{"allow":["GET"]}}],"collection":[{"href":"https:\/\/www.hotel-beauvoir.fr\/en\/wp-json\/wp\/v2\/pages"}],"about":[{"href":"https:\/\/www.hotel-beauvoir.fr\/en\/wp-json\/wp\/v2\/types\/page"}],"author":[{"embeddable":true,"href":"https:\/\/www.hotel-beauvoir.fr\/en\/wp-json\/wp\/v2\/users\/531"}],"replies":[{"embeddable":true,"href":"https:\/\/www.hotel-beauvoir.fr\/en\/wp-json\/wp\/v2\/comments?post=99"}],"version-history":[{"count":0,"href":"https:\/\/www.hotel-beauvoir.fr\/en\/wp-json\/wp\/v2\/pages\/99\/revisions"}],"up":[{"embeddable":true,"href":"https:\/\/www.hotel-beauvoir.fr\/en\/wp-json\/wp\/v2\/pages\/87"}],"wp:attachment":[{"href":"https:\/\/www.hotel-beauvoir.fr\/en\/wp-json\/wp\/v2\/media?parent=99"}],"curies":[{"name":"wp","href":"https:\/\/api.w.org\/{rel}","templated":true}]}}