{"id":181,"date":"2024-05-08T13:59:06","date_gmt":"2024-05-08T13:59:06","guid":{"rendered":"https:\/\/www.hotel-beauvoir.fr\/?page_id=181"},"modified":"2025-10-21T15:09:13","modified_gmt":"2025-10-21T15:09:13","slug":"__trashed","status":"publish","type":"page","link":"https:\/\/www.hotel-beauvoir.fr\/es\/__trashed\/","title":{"rendered":"HABITACIONES"},"content":{"rendered":"<p>Idealmente situado en el tri\u00e1ngulo de Montparnasse, Saint-Germain y Saint-Michel, el Hotel Beauvoir alberga 29 habitaciones, incluida una suite, la suite Hemingway, con una hermosa vista de Par\u00eds.<\/p>\n<p>Todas las categor\u00edas de habitaciones est\u00e1n equipadas con televisi\u00f3n, acceso Wifi gratuito, un \u00e1rea de escritorio, un hervidor de agua con t\u00e9 y caf\u00e9, tel\u00e9fono, doble acristalamiento, caja fuerte, un ba\u00f1o con ducha o ba\u00f1era, art\u00edculos de higiene personal y un secador de pelo.<\/p>\n<h4 style=\"text-align: left\">Un Espacio Claro y C\u00f3modo: Nuestras Habitaciones y Sus Tama\u00f1os<\/h4>\n<p>En el Hotel Beauvoir, queremos que elija su habitaci\u00f3n con total confianza y transparencia.<\/p>\n<p>Por eso le indicamos la superficie de cada categor\u00eda de habitaci\u00f3n. Esto le permite visualizar el espacio y seleccionar la que se ajusta perfectamente a sus necesidades de confort y relax:<\/p>\n<ul>\n<li><b>Habitaci\u00f3n Individual Est\u00e1ndar <\/b>: <span class=\"math-inline\" data-math=\"8 \\text{ m}^2\">8 m2<\/span><\/li>\n<li><b>Habitaci\u00f3n Individual Superior <\/b>: <span class=\"math-inline\" data-math=\"10 \\text{ m}^2\">10 m2<\/span><\/li>\n<li><b>Habitaci\u00f3n Doble <\/b>: <span class=\"math-inline\" data-math=\"12 \\text{ m}^2\">12 m2<\/span><\/li>\n<li><b>Habitaci\u00f3n Twin <\/b>: <span class=\"math-inline\" data-math=\"14 \\text{ m}^2\">14 m2<\/span><\/li>\n<li><b>Suite<\/b>: <span class=\"math-inline\" data-math=\"16 \\text{ m}^2\">16 m2<\/span><\/li>\n<\/ul>\n<h4 style=\"text-align: center\"><em>Reserve con Total Serenidad<\/em><\/h4>\n<p style=\"text-align: center\">La transparencia sobre la superficie de las habitaciones es una prueba de nuestro compromiso con su satisfacci\u00f3n.<\/p>\n<p style=\"text-align: center\">Reserve con nosotros sabiendo exactamente el espacio del que dispondr\u00e1 para una estancia agradable.<\/p>\n<p>&nbsp;<\/p>\n<table style=\"height: 5px\" width=\"5\">\n<tbody>\n<tr>\n<td colspan=\"6\" rowspan=\"9\" width=\"510\"><\/td>\n<\/tr>\n<\/tbody>\n<\/table>\n<p>&nbsp;<\/p>\n<p style=\"text-align: center\"><strong><span style=\"color: #bc9157\">SIGUENOS\u00a0<\/span><\/strong><\/p>\n<p style=\"text-align: center\"><a style=\"text-decoration: none\" href=\"https:\/\/www.facebook.com\/profile.php?id=61556094165972\" target=\"_blank\" rel=\"noopener\"><img loading=\"lazy\" decoding=\"async\" class=\"\" src=\"https:\/\/www.hotel-beauvoir.fr\/wp-content\/uploads\/sites\/511\/2025\/10\/10464408-1.png\" width=\"41\" height=\"41\" \/> \u00a0<\/a><a style=\"text-decoration: none\" href=\"https:\/\/www.instagram.com\/hotelbeauvoirparis\/\" target=\"_blank\" rel=\"noopener\"><img loading=\"lazy\" decoding=\"async\" class=\"\" src=\"https:\/\/www.hotel-beauvoir.fr\/wp-content\/uploads\/sites\/511\/2025\/10\/v982-d3-04-1.png\" width=\"41\" height=\"41\" \/><\/a><\/p>\n","protected":false},"excerpt":{"rendered":"<p>Idealmente situado en el tri\u00e1ngulo de Montparnasse, Saint-Germain y Saint-Michel, el Hotel Beauvoir alberga 29 habitaciones, incluida una suite, la suite Hemingway, con una hermosa vista de Par\u00eds. Todas las categor\u00edas de habitaciones est\u00e1n equipadas con televisi\u00f3n, acceso Wifi gratuito, un \u00e1rea de escritorio, un hervidor de agua con t\u00e9 y caf\u00e9, tel\u00e9fono, doble acristalamiento, [&hellip;]<\/p>\n","protected":false},"author":651,"featured_media":0,"parent":0,"menu_order":0,"comment_status":"closed","ping_status":"closed","template":"template-rooms.php","meta":{"footnotes":""},"class_list":["post-181","page","type-page","status-publish","hentry"],"yoast_head":"<!-- This site is optimized with the Yoast SEO plugin v26.9 - https:\/\/yoast.com\/product\/yoast-seo-wordpress\/ -->\n<title>HABITACIONES - H\u00f4tel Beauvoir<\/title>\n<meta name=\"description\" content=\"Idealmente situado en el tri\u00e1ngulo de Montparnasse, Saint-Germain y Saint-Michel, el Hotel Beauvoir alberga 29 habitaciones, incluida una suite, la suite\" \/>\n<meta name=\"robots\" content=\"index, follow, max-snippet:-1, max-image-preview:large, max-video-preview:-1\" \/>\n<link rel=\"canonical\" href=\"https:\/\/www.hotel-beauvoir.fr\/es\/__trashed\/\" \/>\n<meta property=\"og:locale\" content=\"es_ES\" \/>\n<meta property=\"og:type\" content=\"article\" \/>\n<meta property=\"og:title\" content=\"HABITACIONES - H\u00f4tel Beauvoir\" \/>\n<meta property=\"og:description\" content=\"Idealmente situado en el tri\u00e1ngulo de Montparnasse, Saint-Germain y Saint-Michel, el Hotel Beauvoir alberga 29 habitaciones, incluida una suite, la suite\" \/>\n<meta property=\"og:url\" content=\"https:\/\/www.hotel-beauvoir.fr\/es\/__trashed\/\" \/>\n<meta property=\"og:site_name\" content=\"H\u00f4tel Beauvoir\" \/>\n<meta property=\"article:modified_time\" content=\"2025-10-21T15:09:13+00:00\" \/>\n<meta property=\"og:image\" content=\"https:\/\/www.hotel-beauvoir.fr\/wp-content\/uploads\/sites\/511\/2025\/10\/10464408-1.png\" \/>\n<meta name=\"twitter:card\" content=\"summary_large_image\" \/>\n<meta name=\"twitter:label1\" content=\"Tiempo de lectura\" \/>\n\t<meta name=\"twitter:data1\" content=\"2 minutos\" \/>\n<script type=\"application\/ld+json\" class=\"yoast-schema-graph\">{\"@context\":\"https:\/\/schema.org\",\"@graph\":[{\"@type\":\"WebPage\",\"@id\":\"https:\/\/www.hotel-beauvoir.fr\/es\/__trashed\/\",\"url\":\"https:\/\/www.hotel-beauvoir.fr\/es\/__trashed\/\",\"name\":\"HABITACIONES - H\u00f4tel Beauvoir\",\"isPartOf\":{\"@id\":\"http:\/\/www.hotel-beauvoir.fr\/es\/#website\"},\"primaryImageOfPage\":{\"@id\":\"https:\/\/www.hotel-beauvoir.fr\/es\/__trashed\/#primaryimage\"},\"image\":{\"@id\":\"https:\/\/www.hotel-beauvoir.fr\/es\/__trashed\/#primaryimage\"},\"thumbnailUrl\":\"https:\/\/www.hotel-beauvoir.fr\/wp-content\/uploads\/sites\/511\/2025\/10\/10464408-1.png\",\"datePublished\":\"2024-05-08T13:59:06+00:00\",\"dateModified\":\"2025-10-21T15:09:13+00:00\",\"description\":\"Idealmente situado en el tri\u00e1ngulo de Montparnasse, Saint-Germain y Saint-Michel, el Hotel Beauvoir alberga 29 habitaciones, incluida una suite, la suite\",\"breadcrumb\":{\"@id\":\"https:\/\/www.hotel-beauvoir.fr\/es\/__trashed\/#breadcrumb\"},\"inLanguage\":\"es\",\"potentialAction\":[{\"@type\":\"ReadAction\",\"target\":[\"https:\/\/www.hotel-beauvoir.fr\/es\/__trashed\/\"]}]},{\"@type\":\"ImageObject\",\"inLanguage\":\"es\",\"@id\":\"https:\/\/www.hotel-beauvoir.fr\/es\/__trashed\/#primaryimage\",\"url\":\"https:\/\/www.hotel-beauvoir.fr\/wp-content\/uploads\/sites\/511\/2025\/10\/10464408-1.png\",\"contentUrl\":\"https:\/\/www.hotel-beauvoir.fr\/wp-content\/uploads\/sites\/511\/2025\/10\/10464408-1.png\"},{\"@type\":\"BreadcrumbList\",\"@id\":\"https:\/\/www.hotel-beauvoir.fr\/es\/__trashed\/#breadcrumb\",\"itemListElement\":[{\"@type\":\"ListItem\",\"position\":1,\"name\":\"Home\",\"item\":\"https:\/\/www.hotel-beauvoir.fr\/es\/\"},{\"@type\":\"ListItem\",\"position\":2,\"name\":\"HABITACIONES\"}]},{\"@type\":\"WebSite\",\"@id\":\"http:\/\/www.hotel-beauvoir.fr\/es\/#website\",\"url\":\"http:\/\/www.hotel-beauvoir.fr\/es\/\",\"name\":\"H\u00f4tel Beauvoir\",\"description\":\"\",\"potentialAction\":[{\"@type\":\"SearchAction\",\"target\":{\"@type\":\"EntryPoint\",\"urlTemplate\":\"http:\/\/www.hotel-beauvoir.fr\/es\/?s={search_term_string}\"},\"query-input\":{\"@type\":\"PropertyValueSpecification\",\"valueRequired\":true,\"valueName\":\"search_term_string\"}}],\"inLanguage\":\"es\"}]}<\/script>\n<!-- \/ Yoast SEO plugin. -->","yoast_head_json":{"title":"HABITACIONES - H\u00f4tel Beauvoir","description":"Idealmente situado en el tri\u00e1ngulo de Montparnasse, Saint-Germain y Saint-Michel, el Hotel Beauvoir alberga 29 habitaciones, incluida una suite, la suite","robots":{"index":"index","follow":"follow","max-snippet":"max-snippet:-1","max-image-preview":"max-image-preview:large","max-video-preview":"max-video-preview:-1"},"canonical":"https:\/\/www.hotel-beauvoir.fr\/es\/__trashed\/","og_locale":"es_ES","og_type":"article","og_title":"HABITACIONES - H\u00f4tel Beauvoir","og_description":"Idealmente situado en el tri\u00e1ngulo de Montparnasse, Saint-Germain y Saint-Michel, el Hotel Beauvoir alberga 29 habitaciones, incluida una suite, la suite","og_url":"https:\/\/www.hotel-beauvoir.fr\/es\/__trashed\/","og_site_name":"H\u00f4tel Beauvoir","article_modified_time":"2025-10-21T15:09:13+00:00","og_image":[{"url":"https:\/\/www.hotel-beauvoir.fr\/wp-content\/uploads\/sites\/511\/2025\/10\/10464408-1.png","type":"","width":"","height":""}],"twitter_card":"summary_large_image","twitter_misc":{"Tiempo de lectura":"2 minutos"},"schema":{"@context":"https:\/\/schema.org","@graph":[{"@type":"WebPage","@id":"https:\/\/www.hotel-beauvoir.fr\/es\/__trashed\/","url":"https:\/\/www.hotel-beauvoir.fr\/es\/__trashed\/","name":"HABITACIONES - H\u00f4tel Beauvoir","isPartOf":{"@id":"http:\/\/www.hotel-beauvoir.fr\/es\/#website"},"primaryImageOfPage":{"@id":"https:\/\/www.hotel-beauvoir.fr\/es\/__trashed\/#primaryimage"},"image":{"@id":"https:\/\/www.hotel-beauvoir.fr\/es\/__trashed\/#primaryimage"},"thumbnailUrl":"https:\/\/www.hotel-beauvoir.fr\/wp-content\/uploads\/sites\/511\/2025\/10\/10464408-1.png","datePublished":"2024-05-08T13:59:06+00:00","dateModified":"2025-10-21T15:09:13+00:00","description":"Idealmente situado en el tri\u00e1ngulo de Montparnasse, Saint-Germain y Saint-Michel, el Hotel Beauvoir alberga 29 habitaciones, incluida una suite, la suite","breadcrumb":{"@id":"https:\/\/www.hotel-beauvoir.fr\/es\/__trashed\/#breadcrumb"},"inLanguage":"es","potentialAction":[{"@type":"ReadAction","target":["https:\/\/www.hotel-beauvoir.fr\/es\/__trashed\/"]}]},{"@type":"ImageObject","inLanguage":"es","@id":"https:\/\/www.hotel-beauvoir.fr\/es\/__trashed\/#primaryimage","url":"https:\/\/www.hotel-beauvoir.fr\/wp-content\/uploads\/sites\/511\/2025\/10\/10464408-1.png","contentUrl":"https:\/\/www.hotel-beauvoir.fr\/wp-content\/uploads\/sites\/511\/2025\/10\/10464408-1.png"},{"@type":"BreadcrumbList","@id":"https:\/\/www.hotel-beauvoir.fr\/es\/__trashed\/#breadcrumb","itemListElement":[{"@type":"ListItem","position":1,"name":"Home","item":"https:\/\/www.hotel-beauvoir.fr\/es\/"},{"@type":"ListItem","position":2,"name":"HABITACIONES"}]},{"@type":"WebSite","@id":"http:\/\/www.hotel-beauvoir.fr\/es\/#website","url":"http:\/\/www.hotel-beauvoir.fr\/es\/","name":"H\u00f4tel Beauvoir","description":"","potentialAction":[{"@type":"SearchAction","target":{"@type":"EntryPoint","urlTemplate":"http:\/\/www.hotel-beauvoir.fr\/es\/?s={search_term_string}"},"query-input":{"@type":"PropertyValueSpecification","valueRequired":true,"valueName":"search_term_string"}}],"inLanguage":"es"}]}},"acf":[],"_links":{"self":[{"href":"https:\/\/www.hotel-beauvoir.fr\/es\/wp-json\/wp\/v2\/pages\/181","targetHints":{"allow":["GET"]}}],"collection":[{"href":"https:\/\/www.hotel-beauvoir.fr\/es\/wp-json\/wp\/v2\/pages"}],"about":[{"href":"https:\/\/www.hotel-beauvoir.fr\/es\/wp-json\/wp\/v2\/types\/page"}],"author":[{"embeddable":true,"href":"https:\/\/www.hotel-beauvoir.fr\/es\/wp-json\/wp\/v2\/users\/651"}],"replies":[{"embeddable":true,"href":"https:\/\/www.hotel-beauvoir.fr\/es\/wp-json\/wp\/v2\/comments?post=181"}],"version-history":[{"count":0,"href":"https:\/\/www.hotel-beauvoir.fr\/es\/wp-json\/wp\/v2\/pages\/181\/revisions"}],"wp:attachment":[{"href":"https:\/\/www.hotel-beauvoir.fr\/es\/wp-json\/wp\/v2\/media?parent=181"}],"curies":[{"name":"wp","href":"https:\/\/api.w.org\/{rel}","templated":true}]}}