{"id":187,"date":"2022-12-27T09:03:56","date_gmt":"2022-12-27T09:03:56","guid":{"rendered":"https:\/\/www.hotel-beauvoir.fr\/services\/"},"modified":"2025-10-21T15:10:40","modified_gmt":"2025-10-21T15:10:40","slug":"servicios","status":"publish","type":"page","link":"https:\/\/www.hotel-beauvoir.fr\/es\/servicios\/","title":{"rendered":"SERVICIOS"},"content":{"rendered":"<p>Todo el equipo del Hotel Beauvoir est\u00e0 a su completa disposicion 24\/24 horas para que pueda pasar una estancia agradable.<\/p>\n<ul>\n<li>La recepcion y el deposito de equipaje estan abiertas 24\/24 horas,<\/li>\n<li>La limpieza de la habitacion se realiza diariamente,<\/li>\n<li>Hay una zona de estar, y un ordenador est\u00e0 a su disposicion;<\/li>\n<li>Se sirve un desayuno buffet continental todos los d\u00edas de 7:00 a 10:00 horas durante la semana (de 7:30 a 10:00 horas los s\u00e1bados y domingos) en nuestra sala exclusiva (productos sin gluten y bebidas vegetales disponibles bajo petici\u00f3n),<\/li>\n<li>\u00a0Dependiendo de la disponibilidad, las habitaciones pueden estar disponibles antes de las 15:00,<\/li>\n<li>Una oferta de prensa digital que ofrece una amplia selecci\u00f3n de revistas,<\/li>\n<li>El hotel no tiene aire acondicionado, pero cada habitaci\u00f3n est\u00e1 equipada con un ventilador para su comodidad,<\/li>\n<li>Si lo desean, el equipo de recepcion puede encargarse de sus reservas de taxis y restaurantes.<\/li>\n<\/ul>\n<p>&nbsp;<\/p>\n<p style=\"text-align: center\"><strong><span style=\"color: #bc9157\">SIGUENOS\u00a0<\/span><\/strong><\/p>\n<p style=\"text-align: center\"><a style=\"text-decoration: none\" href=\"https:\/\/www.facebook.com\/profile.php?id=61556094165972\" target=\"_blank\" rel=\"noopener\"><img loading=\"lazy\" decoding=\"async\" class=\"\" src=\"https:\/\/www.hotel-beauvoir.fr\/wp-content\/uploads\/sites\/511\/2025\/10\/10464408-1.png\" width=\"41\" height=\"41\" \/> \u00a0<\/a><a style=\"text-decoration: none\" href=\"https:\/\/www.instagram.com\/hotelbeauvoirparis\/\" target=\"_blank\" rel=\"noopener\"><img loading=\"lazy\" decoding=\"async\" class=\"\" src=\"https:\/\/www.hotel-beauvoir.fr\/wp-content\/uploads\/sites\/511\/2025\/10\/v982-d3-04-1.png\" width=\"41\" height=\"41\" \/><\/a><\/p>\n","protected":false},"excerpt":{"rendered":"<p>Todo el equipo del Hotel Beauvoir est\u00e0 a su completa disposicion 24\/24 horas para que pueda pasar una estancia agradable. La recepcion y el deposito de equipaje estan abiertas 24\/24 horas, La limpieza de la habitacion se realiza diariamente, Hay una zona de estar, y un ordenador est\u00e0 a su disposicion; Se sirve un desayuno [&hellip;]<\/p>\n","protected":false},"author":531,"featured_media":0,"parent":0,"menu_order":0,"comment_status":"closed","ping_status":"closed","template":"template-services.php","meta":{"footnotes":""},"class_list":["post-187","page","type-page","status-publish","hentry"],"yoast_head":"<!-- This site is optimized with the Yoast SEO plugin v26.9 - https:\/\/yoast.com\/product\/yoast-seo-wordpress\/ -->\n<title>Servicios del hotel Beauvoir<\/title>\n<meta name=\"description\" content=\"Todo el equipo del H\u00f4tel Beauvoir est\u00e1 a su disposici\u00f3n 24 horas al d\u00eda, 7 d\u00edas a la semana\" \/>\n<meta name=\"robots\" content=\"index, follow, max-snippet:-1, max-image-preview:large, max-video-preview:-1\" \/>\n<link rel=\"canonical\" href=\"https:\/\/www.hotel-beauvoir.fr\/es\/servicios\/\" \/>\n<meta property=\"og:locale\" content=\"es_ES\" \/>\n<meta property=\"og:type\" content=\"article\" \/>\n<meta property=\"og:title\" content=\"Servicios del hotel Beauvoir\" \/>\n<meta property=\"og:description\" content=\"Todo el equipo del H\u00f4tel Beauvoir est\u00e1 a su disposici\u00f3n 24 horas al d\u00eda, 7 d\u00edas a la semana\" \/>\n<meta property=\"og:url\" content=\"https:\/\/www.hotel-beauvoir.fr\/es\/servicios\/\" \/>\n<meta property=\"og:site_name\" content=\"H\u00f4tel Beauvoir\" \/>\n<meta property=\"article:modified_time\" content=\"2025-10-21T15:10:40+00:00\" \/>\n<meta property=\"og:image\" content=\"https:\/\/www.hotel-beauvoir.fr\/wp-content\/uploads\/sites\/511\/2025\/10\/10464408-1.png\" \/>\n<meta name=\"twitter:card\" content=\"summary_large_image\" \/>\n<meta name=\"twitter:label1\" content=\"Tiempo de lectura\" \/>\n\t<meta name=\"twitter:data1\" content=\"2 minutos\" \/>\n<script type=\"application\/ld+json\" class=\"yoast-schema-graph\">{\"@context\":\"https:\/\/schema.org\",\"@graph\":[{\"@type\":\"WebPage\",\"@id\":\"https:\/\/www.hotel-beauvoir.fr\/es\/servicios\/\",\"url\":\"https:\/\/www.hotel-beauvoir.fr\/es\/servicios\/\",\"name\":\"Servicios del hotel Beauvoir\",\"isPartOf\":{\"@id\":\"http:\/\/www.hotel-beauvoir.fr\/es\/#website\"},\"primaryImageOfPage\":{\"@id\":\"https:\/\/www.hotel-beauvoir.fr\/es\/servicios\/#primaryimage\"},\"image\":{\"@id\":\"https:\/\/www.hotel-beauvoir.fr\/es\/servicios\/#primaryimage\"},\"thumbnailUrl\":\"https:\/\/www.hotel-beauvoir.fr\/wp-content\/uploads\/sites\/511\/2025\/10\/10464408-1.png\",\"datePublished\":\"2022-12-27T09:03:56+00:00\",\"dateModified\":\"2025-10-21T15:10:40+00:00\",\"description\":\"Todo el equipo del H\u00f4tel Beauvoir est\u00e1 a su disposici\u00f3n 24 horas al d\u00eda, 7 d\u00edas a la semana\",\"breadcrumb\":{\"@id\":\"https:\/\/www.hotel-beauvoir.fr\/es\/servicios\/#breadcrumb\"},\"inLanguage\":\"es\",\"potentialAction\":[{\"@type\":\"ReadAction\",\"target\":[\"https:\/\/www.hotel-beauvoir.fr\/es\/servicios\/\"]}]},{\"@type\":\"ImageObject\",\"inLanguage\":\"es\",\"@id\":\"https:\/\/www.hotel-beauvoir.fr\/es\/servicios\/#primaryimage\",\"url\":\"https:\/\/www.hotel-beauvoir.fr\/wp-content\/uploads\/sites\/511\/2025\/10\/10464408-1.png\",\"contentUrl\":\"https:\/\/www.hotel-beauvoir.fr\/wp-content\/uploads\/sites\/511\/2025\/10\/10464408-1.png\"},{\"@type\":\"BreadcrumbList\",\"@id\":\"https:\/\/www.hotel-beauvoir.fr\/es\/servicios\/#breadcrumb\",\"itemListElement\":[{\"@type\":\"ListItem\",\"position\":1,\"name\":\"Home\",\"item\":\"https:\/\/www.hotel-beauvoir.fr\/es\/\"},{\"@type\":\"ListItem\",\"position\":2,\"name\":\"SERVICIOS\"}]},{\"@type\":\"WebSite\",\"@id\":\"http:\/\/www.hotel-beauvoir.fr\/es\/#website\",\"url\":\"http:\/\/www.hotel-beauvoir.fr\/es\/\",\"name\":\"H\u00f4tel Beauvoir\",\"description\":\"\",\"potentialAction\":[{\"@type\":\"SearchAction\",\"target\":{\"@type\":\"EntryPoint\",\"urlTemplate\":\"http:\/\/www.hotel-beauvoir.fr\/es\/?s={search_term_string}\"},\"query-input\":{\"@type\":\"PropertyValueSpecification\",\"valueRequired\":true,\"valueName\":\"search_term_string\"}}],\"inLanguage\":\"es\"}]}<\/script>\n<!-- \/ Yoast SEO plugin. -->","yoast_head_json":{"title":"Servicios del hotel Beauvoir","description":"Todo el equipo del H\u00f4tel Beauvoir est\u00e1 a su disposici\u00f3n 24 horas al d\u00eda, 7 d\u00edas a la semana","robots":{"index":"index","follow":"follow","max-snippet":"max-snippet:-1","max-image-preview":"max-image-preview:large","max-video-preview":"max-video-preview:-1"},"canonical":"https:\/\/www.hotel-beauvoir.fr\/es\/servicios\/","og_locale":"es_ES","og_type":"article","og_title":"Servicios del hotel Beauvoir","og_description":"Todo el equipo del H\u00f4tel Beauvoir est\u00e1 a su disposici\u00f3n 24 horas al d\u00eda, 7 d\u00edas a la semana","og_url":"https:\/\/www.hotel-beauvoir.fr\/es\/servicios\/","og_site_name":"H\u00f4tel Beauvoir","article_modified_time":"2025-10-21T15:10:40+00:00","og_image":[{"url":"https:\/\/www.hotel-beauvoir.fr\/wp-content\/uploads\/sites\/511\/2025\/10\/10464408-1.png","type":"","width":"","height":""}],"twitter_card":"summary_large_image","twitter_misc":{"Tiempo de lectura":"2 minutos"},"schema":{"@context":"https:\/\/schema.org","@graph":[{"@type":"WebPage","@id":"https:\/\/www.hotel-beauvoir.fr\/es\/servicios\/","url":"https:\/\/www.hotel-beauvoir.fr\/es\/servicios\/","name":"Servicios del hotel Beauvoir","isPartOf":{"@id":"http:\/\/www.hotel-beauvoir.fr\/es\/#website"},"primaryImageOfPage":{"@id":"https:\/\/www.hotel-beauvoir.fr\/es\/servicios\/#primaryimage"},"image":{"@id":"https:\/\/www.hotel-beauvoir.fr\/es\/servicios\/#primaryimage"},"thumbnailUrl":"https:\/\/www.hotel-beauvoir.fr\/wp-content\/uploads\/sites\/511\/2025\/10\/10464408-1.png","datePublished":"2022-12-27T09:03:56+00:00","dateModified":"2025-10-21T15:10:40+00:00","description":"Todo el equipo del H\u00f4tel Beauvoir est\u00e1 a su disposici\u00f3n 24 horas al d\u00eda, 7 d\u00edas a la semana","breadcrumb":{"@id":"https:\/\/www.hotel-beauvoir.fr\/es\/servicios\/#breadcrumb"},"inLanguage":"es","potentialAction":[{"@type":"ReadAction","target":["https:\/\/www.hotel-beauvoir.fr\/es\/servicios\/"]}]},{"@type":"ImageObject","inLanguage":"es","@id":"https:\/\/www.hotel-beauvoir.fr\/es\/servicios\/#primaryimage","url":"https:\/\/www.hotel-beauvoir.fr\/wp-content\/uploads\/sites\/511\/2025\/10\/10464408-1.png","contentUrl":"https:\/\/www.hotel-beauvoir.fr\/wp-content\/uploads\/sites\/511\/2025\/10\/10464408-1.png"},{"@type":"BreadcrumbList","@id":"https:\/\/www.hotel-beauvoir.fr\/es\/servicios\/#breadcrumb","itemListElement":[{"@type":"ListItem","position":1,"name":"Home","item":"https:\/\/www.hotel-beauvoir.fr\/es\/"},{"@type":"ListItem","position":2,"name":"SERVICIOS"}]},{"@type":"WebSite","@id":"http:\/\/www.hotel-beauvoir.fr\/es\/#website","url":"http:\/\/www.hotel-beauvoir.fr\/es\/","name":"H\u00f4tel Beauvoir","description":"","potentialAction":[{"@type":"SearchAction","target":{"@type":"EntryPoint","urlTemplate":"http:\/\/www.hotel-beauvoir.fr\/es\/?s={search_term_string}"},"query-input":{"@type":"PropertyValueSpecification","valueRequired":true,"valueName":"search_term_string"}}],"inLanguage":"es"}]}},"acf":[],"_links":{"self":[{"href":"https:\/\/www.hotel-beauvoir.fr\/es\/wp-json\/wp\/v2\/pages\/187","targetHints":{"allow":["GET"]}}],"collection":[{"href":"https:\/\/www.hotel-beauvoir.fr\/es\/wp-json\/wp\/v2\/pages"}],"about":[{"href":"https:\/\/www.hotel-beauvoir.fr\/es\/wp-json\/wp\/v2\/types\/page"}],"author":[{"embeddable":true,"href":"https:\/\/www.hotel-beauvoir.fr\/es\/wp-json\/wp\/v2\/users\/531"}],"replies":[{"embeddable":true,"href":"https:\/\/www.hotel-beauvoir.fr\/es\/wp-json\/wp\/v2\/comments?post=187"}],"version-history":[{"count":0,"href":"https:\/\/www.hotel-beauvoir.fr\/es\/wp-json\/wp\/v2\/pages\/187\/revisions"}],"wp:attachment":[{"href":"https:\/\/www.hotel-beauvoir.fr\/es\/wp-json\/wp\/v2\/media?parent=187"}],"curies":[{"name":"wp","href":"https:\/\/api.w.org\/{rel}","templated":true}]}}