{"id":189,"date":"2022-12-27T09:00:07","date_gmt":"2022-12-27T09:00:07","guid":{"rendered":"https:\/\/www.hotel-beauvoir.fr\/offres-speciales\/"},"modified":"2025-10-21T15:09:47","modified_gmt":"2025-10-21T15:09:47","slug":"ofertas-especiales","status":"publish","type":"page","link":"https:\/\/www.hotel-beauvoir.fr\/es\/ofertas-especiales\/","title":{"rendered":"OFERTAS ESPECIALES"},"content":{"rendered":"<p style=\"text-align: center\"><strong><span style=\"color: #bc9157\">SIGUENOS\u00a0<\/span><\/strong><\/p>\n<p style=\"text-align: center\"><a style=\"text-decoration: none\" href=\"https:\/\/www.facebook.com\/profile.php?id=61556094165972\" target=\"_blank\" rel=\"noopener\"><img loading=\"lazy\" decoding=\"async\" class=\"\" src=\"https:\/\/www.hotel-beauvoir.fr\/wp-content\/uploads\/sites\/511\/2025\/10\/10464408-1.png\" width=\"41\" height=\"41\" \/> \u00a0<\/a><a style=\"text-decoration: none\" href=\"https:\/\/www.instagram.com\/hotelbeauvoirparis\/\" target=\"_blank\" rel=\"noopener\"><img loading=\"lazy\" decoding=\"async\" class=\"\" src=\"https:\/\/www.hotel-beauvoir.fr\/wp-content\/uploads\/sites\/511\/2025\/10\/v982-d3-04-1.png\" width=\"41\" height=\"41\" \/><\/a><\/p>\n","protected":false},"excerpt":{"rendered":"<p>SIGUENOS\u00a0 \u00a0<\/p>\n","protected":false},"author":531,"featured_media":0,"parent":0,"menu_order":0,"comment_status":"closed","ping_status":"closed","template":"template-offers.php","meta":{"footnotes":""},"class_list":["post-189","page","type-page","status-publish","hentry"],"yoast_head":"<!-- This site is optimized with the Yoast SEO plugin v26.9 - https:\/\/yoast.com\/product\/yoast-seo-wordpress\/ -->\n<title>Las mejores ofertas en el H\u00f4tel Beauvoir<\/title>\n<meta name=\"description\" content=\"Las mejores tarifas disponibles est\u00e1n disponibles en el sitio web del H\u00f4tel Beauvoir.\" \/>\n<meta name=\"robots\" content=\"index, follow, max-snippet:-1, max-image-preview:large, max-video-preview:-1\" \/>\n<link rel=\"canonical\" href=\"https:\/\/www.hotel-beauvoir.fr\/es\/ofertas-especiales\/\" \/>\n<meta property=\"og:locale\" content=\"es_ES\" \/>\n<meta property=\"og:type\" content=\"article\" \/>\n<meta property=\"og:title\" content=\"Las mejores ofertas en el H\u00f4tel Beauvoir\" \/>\n<meta property=\"og:description\" content=\"Las mejores tarifas disponibles est\u00e1n disponibles en el sitio web del H\u00f4tel Beauvoir.\" \/>\n<meta property=\"og:url\" content=\"https:\/\/www.hotel-beauvoir.fr\/es\/ofertas-especiales\/\" \/>\n<meta property=\"og:site_name\" content=\"H\u00f4tel Beauvoir\" \/>\n<meta property=\"article:modified_time\" content=\"2025-10-21T15:09:47+00:00\" \/>\n<meta property=\"og:image\" content=\"https:\/\/www.hotel-beauvoir.fr\/wp-content\/uploads\/sites\/511\/2025\/10\/10464408-1.png\" \/>\n<meta name=\"twitter:card\" content=\"summary_large_image\" \/>\n<meta name=\"twitter:label1\" content=\"Tiempo de lectura\" \/>\n\t<meta name=\"twitter:data1\" content=\"1 minuto\" \/>\n<script type=\"application\/ld+json\" class=\"yoast-schema-graph\">{\"@context\":\"https:\/\/schema.org\",\"@graph\":[{\"@type\":\"WebPage\",\"@id\":\"https:\/\/www.hotel-beauvoir.fr\/es\/ofertas-especiales\/\",\"url\":\"https:\/\/www.hotel-beauvoir.fr\/es\/ofertas-especiales\/\",\"name\":\"Las mejores ofertas en el H\u00f4tel Beauvoir\",\"isPartOf\":{\"@id\":\"http:\/\/www.hotel-beauvoir.fr\/es\/#website\"},\"primaryImageOfPage\":{\"@id\":\"https:\/\/www.hotel-beauvoir.fr\/es\/ofertas-especiales\/#primaryimage\"},\"image\":{\"@id\":\"https:\/\/www.hotel-beauvoir.fr\/es\/ofertas-especiales\/#primaryimage\"},\"thumbnailUrl\":\"https:\/\/www.hotel-beauvoir.fr\/wp-content\/uploads\/sites\/511\/2025\/10\/10464408-1.png\",\"datePublished\":\"2022-12-27T09:00:07+00:00\",\"dateModified\":\"2025-10-21T15:09:47+00:00\",\"description\":\"Las mejores tarifas disponibles est\u00e1n disponibles en el sitio web del H\u00f4tel Beauvoir.\",\"breadcrumb\":{\"@id\":\"https:\/\/www.hotel-beauvoir.fr\/es\/ofertas-especiales\/#breadcrumb\"},\"inLanguage\":\"es\",\"potentialAction\":[{\"@type\":\"ReadAction\",\"target\":[\"https:\/\/www.hotel-beauvoir.fr\/es\/ofertas-especiales\/\"]}]},{\"@type\":\"ImageObject\",\"inLanguage\":\"es\",\"@id\":\"https:\/\/www.hotel-beauvoir.fr\/es\/ofertas-especiales\/#primaryimage\",\"url\":\"https:\/\/www.hotel-beauvoir.fr\/wp-content\/uploads\/sites\/511\/2025\/10\/10464408-1.png\",\"contentUrl\":\"https:\/\/www.hotel-beauvoir.fr\/wp-content\/uploads\/sites\/511\/2025\/10\/10464408-1.png\"},{\"@type\":\"BreadcrumbList\",\"@id\":\"https:\/\/www.hotel-beauvoir.fr\/es\/ofertas-especiales\/#breadcrumb\",\"itemListElement\":[{\"@type\":\"ListItem\",\"position\":1,\"name\":\"Home\",\"item\":\"https:\/\/www.hotel-beauvoir.fr\/es\/\"},{\"@type\":\"ListItem\",\"position\":2,\"name\":\"OFERTAS ESPECIALES\"}]},{\"@type\":\"WebSite\",\"@id\":\"http:\/\/www.hotel-beauvoir.fr\/es\/#website\",\"url\":\"http:\/\/www.hotel-beauvoir.fr\/es\/\",\"name\":\"H\u00f4tel Beauvoir\",\"description\":\"\",\"potentialAction\":[{\"@type\":\"SearchAction\",\"target\":{\"@type\":\"EntryPoint\",\"urlTemplate\":\"http:\/\/www.hotel-beauvoir.fr\/es\/?s={search_term_string}\"},\"query-input\":{\"@type\":\"PropertyValueSpecification\",\"valueRequired\":true,\"valueName\":\"search_term_string\"}}],\"inLanguage\":\"es\"}]}<\/script>\n<!-- \/ Yoast SEO plugin. -->","yoast_head_json":{"title":"Las mejores ofertas en el H\u00f4tel Beauvoir","description":"Las mejores tarifas disponibles est\u00e1n disponibles en el sitio web del H\u00f4tel Beauvoir.","robots":{"index":"index","follow":"follow","max-snippet":"max-snippet:-1","max-image-preview":"max-image-preview:large","max-video-preview":"max-video-preview:-1"},"canonical":"https:\/\/www.hotel-beauvoir.fr\/es\/ofertas-especiales\/","og_locale":"es_ES","og_type":"article","og_title":"Las mejores ofertas en el H\u00f4tel Beauvoir","og_description":"Las mejores tarifas disponibles est\u00e1n disponibles en el sitio web del H\u00f4tel Beauvoir.","og_url":"https:\/\/www.hotel-beauvoir.fr\/es\/ofertas-especiales\/","og_site_name":"H\u00f4tel Beauvoir","article_modified_time":"2025-10-21T15:09:47+00:00","og_image":[{"url":"https:\/\/www.hotel-beauvoir.fr\/wp-content\/uploads\/sites\/511\/2025\/10\/10464408-1.png","type":"","width":"","height":""}],"twitter_card":"summary_large_image","twitter_misc":{"Tiempo de lectura":"1 minuto"},"schema":{"@context":"https:\/\/schema.org","@graph":[{"@type":"WebPage","@id":"https:\/\/www.hotel-beauvoir.fr\/es\/ofertas-especiales\/","url":"https:\/\/www.hotel-beauvoir.fr\/es\/ofertas-especiales\/","name":"Las mejores ofertas en el H\u00f4tel Beauvoir","isPartOf":{"@id":"http:\/\/www.hotel-beauvoir.fr\/es\/#website"},"primaryImageOfPage":{"@id":"https:\/\/www.hotel-beauvoir.fr\/es\/ofertas-especiales\/#primaryimage"},"image":{"@id":"https:\/\/www.hotel-beauvoir.fr\/es\/ofertas-especiales\/#primaryimage"},"thumbnailUrl":"https:\/\/www.hotel-beauvoir.fr\/wp-content\/uploads\/sites\/511\/2025\/10\/10464408-1.png","datePublished":"2022-12-27T09:00:07+00:00","dateModified":"2025-10-21T15:09:47+00:00","description":"Las mejores tarifas disponibles est\u00e1n disponibles en el sitio web del H\u00f4tel Beauvoir.","breadcrumb":{"@id":"https:\/\/www.hotel-beauvoir.fr\/es\/ofertas-especiales\/#breadcrumb"},"inLanguage":"es","potentialAction":[{"@type":"ReadAction","target":["https:\/\/www.hotel-beauvoir.fr\/es\/ofertas-especiales\/"]}]},{"@type":"ImageObject","inLanguage":"es","@id":"https:\/\/www.hotel-beauvoir.fr\/es\/ofertas-especiales\/#primaryimage","url":"https:\/\/www.hotel-beauvoir.fr\/wp-content\/uploads\/sites\/511\/2025\/10\/10464408-1.png","contentUrl":"https:\/\/www.hotel-beauvoir.fr\/wp-content\/uploads\/sites\/511\/2025\/10\/10464408-1.png"},{"@type":"BreadcrumbList","@id":"https:\/\/www.hotel-beauvoir.fr\/es\/ofertas-especiales\/#breadcrumb","itemListElement":[{"@type":"ListItem","position":1,"name":"Home","item":"https:\/\/www.hotel-beauvoir.fr\/es\/"},{"@type":"ListItem","position":2,"name":"OFERTAS ESPECIALES"}]},{"@type":"WebSite","@id":"http:\/\/www.hotel-beauvoir.fr\/es\/#website","url":"http:\/\/www.hotel-beauvoir.fr\/es\/","name":"H\u00f4tel Beauvoir","description":"","potentialAction":[{"@type":"SearchAction","target":{"@type":"EntryPoint","urlTemplate":"http:\/\/www.hotel-beauvoir.fr\/es\/?s={search_term_string}"},"query-input":{"@type":"PropertyValueSpecification","valueRequired":true,"valueName":"search_term_string"}}],"inLanguage":"es"}]}},"acf":[],"_links":{"self":[{"href":"https:\/\/www.hotel-beauvoir.fr\/es\/wp-json\/wp\/v2\/pages\/189","targetHints":{"allow":["GET"]}}],"collection":[{"href":"https:\/\/www.hotel-beauvoir.fr\/es\/wp-json\/wp\/v2\/pages"}],"about":[{"href":"https:\/\/www.hotel-beauvoir.fr\/es\/wp-json\/wp\/v2\/types\/page"}],"author":[{"embeddable":true,"href":"https:\/\/www.hotel-beauvoir.fr\/es\/wp-json\/wp\/v2\/users\/531"}],"replies":[{"embeddable":true,"href":"https:\/\/www.hotel-beauvoir.fr\/es\/wp-json\/wp\/v2\/comments?post=189"}],"version-history":[{"count":0,"href":"https:\/\/www.hotel-beauvoir.fr\/es\/wp-json\/wp\/v2\/pages\/189\/revisions"}],"wp:attachment":[{"href":"https:\/\/www.hotel-beauvoir.fr\/es\/wp-json\/wp\/v2\/media?parent=189"}],"curies":[{"name":"wp","href":"https:\/\/api.w.org\/{rel}","templated":true}]}}