{"id":192,"date":"2022-12-27T08:59:37","date_gmt":"2022-12-27T08:59:37","guid":{"rendered":"https:\/\/www.hotel-beauvoir.fr\/un-hotel-au-coeur-de-paris\/"},"modified":"2025-10-21T15:07:58","modified_gmt":"2025-10-21T15:07:58","slug":"un-hotel-en-el-corazon-de-paris","status":"publish","type":"page","link":"https:\/\/www.hotel-beauvoir.fr\/es\/un-hotel-en-el-corazon-de-paris\/","title":{"rendered":"CONTACTAR"},"content":{"rendered":"\n                <div class='gf_browser_gecko gform_wrapper' id='gform_wrapper_4' ><div id='gf_4' class='gform_anchor' tabindex='-1'><\/div><form method='post' enctype='multipart\/form-data' target='gform_ajax_frame_4' id='gform_4'  action='\/es\/wp-json\/wp\/v2\/pages\/192#gf_4'>\n                        <div class='gform_body'><ul id='gform_fields_4' class='gform_fields top_label form_sublabel_below description_below'><li id='field_4_1'  class='gfield field_sublabel_below field_description_below gfield_visibility_visible' ><label class='gfield_label gfield_label_before_complex'  >Nombre<\/label><div class='ginput_complex ginput_container no_prefix has_first_name no_middle_name has_last_name no_suffix gf_name_has_2 ginput_container_name' id='input_4_1'>\n                            \n                            <span id='input_4_1_3_container' class='name_first' >\n                                                    <input type='text' name='input_1.3' id='input_4_1_3' value='' aria-label='First name'    aria-invalid=\"false\" \/>\n                                                    <label for='input_4_1_3' >Nombre<\/label>\n                                                <\/span>\n                            \n                            <span id='input_4_1_6_container' class='name_last' >\n                                                    <input type='text' name='input_1.6' id='input_4_1_6' value='' aria-label='Last name'    aria-invalid=\"false\" \/>\n                                                    <label for='input_4_1_6' >Apellidos<\/label>\n                                                <\/span>\n                            \n                        <\/div><\/li><li id='field_4_2'  class='gfield field_sublabel_below field_description_below gfield_visibility_visible' ><label class='gfield_label' for='input_4_2' >Tel\u00e9fono<\/label><div class='ginput_container ginput_container_phone'><input name='input_2' id='input_4_2' type='text' value='' class='medium'    aria-invalid=\"false\"  \/><\/div><\/li><li id='field_4_3'  class='gfield field_sublabel_below field_description_below gfield_visibility_visible' ><label class='gfield_label' for='input_4_3' >Correo electr\u00f3nico<\/label><div class='ginput_container ginput_container_email'>\n                            <input name='input_3' id='input_4_3' type='text' value='' class='medium'     aria-invalid=\"false\" \/>\n                        <\/div><\/li><li id='field_4_5'  class='gfield field_sublabel_below field_description_below gfield_visibility_visible' ><label class='gfield_label' for='input_4_5' >Objeto<\/label><div class='ginput_container ginput_container_text'><input name='input_5' id='input_4_5' type='text' value='' class='medium'      aria-invalid=\"false\" \/><\/div><\/li><li id='field_4_4'  class='gfield field_sublabel_below field_description_below gfield_visibility_visible' ><label class='gfield_label' for='input_4_4' >Mensaje<\/label><div class='ginput_container ginput_container_textarea'><textarea name='input_4' id='input_4_4' class='textarea medium'      aria-invalid=\"false\"   rows='10' cols='50'><\/textarea><\/div><\/li><li id='field_4_6'  class='gfield field_sublabel_below field_description_below gfield_visibility_visible' ><label class='gfield_label' for='input_4_6' >CAPTCHA<\/label><div id='input_4_6' class='ginput_container ginput_recaptcha' data-sitekey='6LcAPc8jAAAAAAWhfTGRyCrhnYGgtWpQZ9solJWL'  data-theme='light' data-tabindex='-1' data-size='invisible' data-badge='bottomright'><\/div><\/li><li id='field_4_7'  class='gfield gfield_contains_required field_sublabel_below field_description_below gfield_visibility_visible' ><label class='gfield_label'  >Privacidad<span class='gfield_required'>*<\/span><\/label><div class='ginput_container ginput_container_checkbox'><ul class='gfield_checkbox' id='input_4_7'><li class='gchoice_4_7_1'>\n\t\t\t\t\t\t\t\t<input name='input_7.1' type='checkbox'  value='S\u00ed, acepto el tratamiento de datos de la Pol\u00edtica de Privacidad'  id='choice_4_7_1'   \/>\n\t\t\t\t\t\t\t\t<label for='choice_4_7_1' id='label_4_7_1'>S\u00ed, acepto el tratamiento de datos de la Pol\u00edtica de Privacidad<\/label>\n\t\t\t\t\t\t\t<\/li><\/ul><\/div><\/li>\n                            <\/ul><\/div>\n        <div class='gform_footer top_label'> <input type='submit' id='gform_submit_button_4' class='gform_button button' value='Submit'  onclick='if(window[\"gf_submitting_4\"]){return false;}  window[\"gf_submitting_4\"]=true;  ' onkeypress='if( event.keyCode == 13 ){ if(window[\"gf_submitting_4\"]){return false;} window[\"gf_submitting_4\"]=true;  jQuery(\"#gform_4\").trigger(\"submit\",[true]); }' \/> <input type='hidden' name='gform_ajax' value='form_id=4&amp;title=&amp;description=&amp;tabindex=0' \/>\n            <input type='hidden' class='gform_hidden' name='is_submit_4' value='1' \/>\n            <input type='hidden' class='gform_hidden' name='gform_submit' value='4' \/>\n            \n            <input type='hidden' class='gform_hidden' name='gform_unique_id' value='' \/>\n            <input type='hidden' class='gform_hidden' name='state_4' value='WyJbXSIsIjMzYmYyMWNkYTJhNzA4YTM1YzdlNzFmY2RiNzcyYTQwIl0=' \/>\n            <input type='hidden' class='gform_hidden' name='gform_target_page_number_4' id='gform_target_page_number_4' value='0' \/>\n            <input type='hidden' class='gform_hidden' name='gform_source_page_number_4' id='gform_source_page_number_4' value='1' \/>\n            <input type='hidden' name='gform_field_values' value='' \/>\n            \n        <\/div>\n                        <\/form>\n                        <\/div>\n                <iframe style='display:none;width:0px;height:0px;' src='about:blank' name='gform_ajax_frame_4' id='gform_ajax_frame_4' title='Este iframe contiene la l\u00f3gica necesaria para gestionar formularios con ajax activado.'><\/iframe>\n                <script type='text\/javascript'>jQuery(document).ready(function($){gformInitSpinner( 4, 'data:image\/gif;base64,R0lGODlhAQABAIAAAAAAAP\/\/\/yH5BAEAAAAALAAAAAABAAEAAAIBRAA7' );jQuery('#gform_ajax_frame_4').on('load',function(){var contents = jQuery(this).contents().find('*').html();var is_postback = contents.indexOf('GF_AJAX_POSTBACK') >= 0;if(!is_postback){return;}var form_content = jQuery(this).contents().find('#gform_wrapper_4');var is_confirmation = jQuery(this).contents().find('#gform_confirmation_wrapper_4').length > 0;var is_redirect = contents.indexOf('gformRedirect(){') >= 0;var is_form = form_content.length > 0 && ! is_redirect && ! is_confirmation;var mt = parseInt(jQuery('html').css('margin-top'), 10) + parseInt(jQuery('body').css('margin-top'), 10) + 100;if(is_form){jQuery('#gform_wrapper_4').html(form_content.html());if(form_content.hasClass('gform_validation_error')){jQuery('#gform_wrapper_4').addClass('gform_validation_error');} else {jQuery('#gform_wrapper_4').removeClass('gform_validation_error');}setTimeout( function() { \/* delay the scroll by 50 milliseconds to fix a bug in chrome *\/ jQuery(document).scrollTop(jQuery('#gform_wrapper_4').offset().top - mt); }, 50 );if(window['gformInitDatepicker']) {gformInitDatepicker();}if(window['gformInitPriceFields']) {gformInitPriceFields();}var current_page = jQuery('#gform_source_page_number_4').val();gformInitSpinner( 4, 'data:image\/gif;base64,R0lGODlhAQABAIAAAAAAAP\/\/\/yH5BAEAAAAALAAAAAABAAEAAAIBRAA7' );jQuery(document).trigger('gform_page_loaded', [4, current_page]);window['gf_submitting_4'] = false;}else if(!is_redirect){var confirmation_content = jQuery(this).contents().find('.GF_AJAX_POSTBACK').html();if(!confirmation_content){confirmation_content = contents;}setTimeout(function(){jQuery('#gform_wrapper_4').replaceWith(confirmation_content);jQuery(document).scrollTop(jQuery('#gf_4').offset().top - mt);jQuery(document).trigger('gform_confirmation_loaded', [4]);window['gf_submitting_4'] = false;}, 50);}else{jQuery('#gform_4').append(contents);if(window['gformRedirect']) {gformRedirect();}}jQuery(document).trigger('gform_post_render', [4, current_page]);} );} );<\/script><script type='text\/javascript'> jQuery(document).bind('gform_post_render', function(event, formId, currentPage){if(formId == 4) {jQuery('#input_4_2').mask('(999) 999-9999').bind('keypress', function(e){if(e.which == 13){jQuery(this).blur();} } );} } );jQuery(document).bind('gform_post_conditional_logic', function(event, formId, fields, isInit){} );<\/script><script type='text\/javascript'> jQuery(document).ready(function(){jQuery(document).trigger('gform_post_render', [4, 1]) } ); <\/script>\n<p>&nbsp;<\/p>\n<p style=\"text-align: center\"><strong><span style=\"color: #bc9157\">SIGUENOS\u00a0<\/span><\/strong><\/p>\n<p style=\"text-align: center\"><a style=\"text-decoration: none\" href=\"https:\/\/www.facebook.com\/profile.php?id=61556094165972\" target=\"_blank\" rel=\"noopener\"><img loading=\"lazy\" decoding=\"async\" class=\"\" src=\"https:\/\/www.hotel-beauvoir.fr\/wp-content\/uploads\/sites\/511\/2025\/10\/10464408-1.png\" width=\"41\" height=\"41\" \/> \u00a0<\/a><a style=\"text-decoration: none\" href=\"https:\/\/www.instagram.com\/hotelbeauvoirparis\/\" target=\"_blank\" rel=\"noopener\"><img loading=\"lazy\" decoding=\"async\" class=\"\" src=\"https:\/\/www.hotel-beauvoir.fr\/wp-content\/uploads\/sites\/511\/2025\/10\/v982-d3-04-1.png\" width=\"41\" height=\"41\" \/><\/a><\/p>\n","protected":false},"excerpt":{"rendered":"<p>&nbsp; SIGUENOS\u00a0 \u00a0<\/p>\n","protected":false},"author":531,"featured_media":0,"parent":0,"menu_order":0,"comment_status":"closed","ping_status":"closed","template":"template-contacts.php","meta":{"footnotes":""},"class_list":["post-192","page","type-page","status-publish","hentry"],"yoast_head":"<!-- This site is optimized with the Yoast SEO plugin v26.9 - https:\/\/yoast.com\/product\/yoast-seo-wordpress\/ -->\n<title>Cont\u00e1ctenos<\/title>\n<meta name=\"description\" content=\"Una ubicaci\u00f3n \u00fanica.\" \/>\n<meta name=\"robots\" content=\"index, follow, max-snippet:-1, max-image-preview:large, max-video-preview:-1\" \/>\n<link rel=\"canonical\" href=\"https:\/\/www.hotel-beauvoir.fr\/es\/un-hotel-en-el-corazon-de-paris\/\" \/>\n<meta property=\"og:locale\" content=\"es_ES\" \/>\n<meta property=\"og:type\" content=\"article\" \/>\n<meta property=\"og:title\" content=\"Cont\u00e1ctenos\" \/>\n<meta property=\"og:description\" content=\"Una ubicaci\u00f3n \u00fanica.\" \/>\n<meta property=\"og:url\" content=\"https:\/\/www.hotel-beauvoir.fr\/es\/un-hotel-en-el-corazon-de-paris\/\" \/>\n<meta property=\"og:site_name\" content=\"H\u00f4tel Beauvoir\" \/>\n<meta property=\"article:modified_time\" content=\"2025-10-21T15:07:58+00:00\" \/>\n<meta property=\"og:image\" content=\"https:\/\/www.hotel-beauvoir.fr\/wp-content\/uploads\/sites\/511\/2025\/10\/10464408-1.png\" \/>\n<meta name=\"twitter:card\" content=\"summary_large_image\" \/>\n<meta name=\"twitter:label1\" content=\"Tiempo de lectura\" \/>\n\t<meta name=\"twitter:data1\" content=\"1 minuto\" \/>\n<script type=\"application\/ld+json\" class=\"yoast-schema-graph\">{\"@context\":\"https:\/\/schema.org\",\"@graph\":[{\"@type\":\"WebPage\",\"@id\":\"https:\/\/www.hotel-beauvoir.fr\/es\/un-hotel-en-el-corazon-de-paris\/\",\"url\":\"https:\/\/www.hotel-beauvoir.fr\/es\/un-hotel-en-el-corazon-de-paris\/\",\"name\":\"Cont\u00e1ctenos\",\"isPartOf\":{\"@id\":\"http:\/\/www.hotel-beauvoir.fr\/es\/#website\"},\"primaryImageOfPage\":{\"@id\":\"https:\/\/www.hotel-beauvoir.fr\/es\/un-hotel-en-el-corazon-de-paris\/#primaryimage\"},\"image\":{\"@id\":\"https:\/\/www.hotel-beauvoir.fr\/es\/un-hotel-en-el-corazon-de-paris\/#primaryimage\"},\"thumbnailUrl\":\"https:\/\/www.hotel-beauvoir.fr\/wp-content\/uploads\/sites\/511\/2025\/10\/10464408-1.png\",\"datePublished\":\"2022-12-27T08:59:37+00:00\",\"dateModified\":\"2025-10-21T15:07:58+00:00\",\"description\":\"Una ubicaci\u00f3n \u00fanica.\",\"breadcrumb\":{\"@id\":\"https:\/\/www.hotel-beauvoir.fr\/es\/un-hotel-en-el-corazon-de-paris\/#breadcrumb\"},\"inLanguage\":\"es\",\"potentialAction\":[{\"@type\":\"ReadAction\",\"target\":[\"https:\/\/www.hotel-beauvoir.fr\/es\/un-hotel-en-el-corazon-de-paris\/\"]}]},{\"@type\":\"ImageObject\",\"inLanguage\":\"es\",\"@id\":\"https:\/\/www.hotel-beauvoir.fr\/es\/un-hotel-en-el-corazon-de-paris\/#primaryimage\",\"url\":\"https:\/\/www.hotel-beauvoir.fr\/wp-content\/uploads\/sites\/511\/2025\/10\/10464408-1.png\",\"contentUrl\":\"https:\/\/www.hotel-beauvoir.fr\/wp-content\/uploads\/sites\/511\/2025\/10\/10464408-1.png\"},{\"@type\":\"BreadcrumbList\",\"@id\":\"https:\/\/www.hotel-beauvoir.fr\/es\/un-hotel-en-el-corazon-de-paris\/#breadcrumb\",\"itemListElement\":[{\"@type\":\"ListItem\",\"position\":1,\"name\":\"Home\",\"item\":\"https:\/\/www.hotel-beauvoir.fr\/es\/\"},{\"@type\":\"ListItem\",\"position\":2,\"name\":\"CONTACTAR\"}]},{\"@type\":\"WebSite\",\"@id\":\"http:\/\/www.hotel-beauvoir.fr\/es\/#website\",\"url\":\"http:\/\/www.hotel-beauvoir.fr\/es\/\",\"name\":\"H\u00f4tel Beauvoir\",\"description\":\"\",\"potentialAction\":[{\"@type\":\"SearchAction\",\"target\":{\"@type\":\"EntryPoint\",\"urlTemplate\":\"http:\/\/www.hotel-beauvoir.fr\/es\/?s={search_term_string}\"},\"query-input\":{\"@type\":\"PropertyValueSpecification\",\"valueRequired\":true,\"valueName\":\"search_term_string\"}}],\"inLanguage\":\"es\"}]}<\/script>\n<!-- \/ Yoast SEO plugin. -->","yoast_head_json":{"title":"Cont\u00e1ctenos","description":"Una ubicaci\u00f3n \u00fanica.","robots":{"index":"index","follow":"follow","max-snippet":"max-snippet:-1","max-image-preview":"max-image-preview:large","max-video-preview":"max-video-preview:-1"},"canonical":"https:\/\/www.hotel-beauvoir.fr\/es\/un-hotel-en-el-corazon-de-paris\/","og_locale":"es_ES","og_type":"article","og_title":"Cont\u00e1ctenos","og_description":"Una ubicaci\u00f3n \u00fanica.","og_url":"https:\/\/www.hotel-beauvoir.fr\/es\/un-hotel-en-el-corazon-de-paris\/","og_site_name":"H\u00f4tel Beauvoir","article_modified_time":"2025-10-21T15:07:58+00:00","og_image":[{"url":"https:\/\/www.hotel-beauvoir.fr\/wp-content\/uploads\/sites\/511\/2025\/10\/10464408-1.png","type":"","width":"","height":""}],"twitter_card":"summary_large_image","twitter_misc":{"Tiempo de lectura":"1 minuto"},"schema":{"@context":"https:\/\/schema.org","@graph":[{"@type":"WebPage","@id":"https:\/\/www.hotel-beauvoir.fr\/es\/un-hotel-en-el-corazon-de-paris\/","url":"https:\/\/www.hotel-beauvoir.fr\/es\/un-hotel-en-el-corazon-de-paris\/","name":"Cont\u00e1ctenos","isPartOf":{"@id":"http:\/\/www.hotel-beauvoir.fr\/es\/#website"},"primaryImageOfPage":{"@id":"https:\/\/www.hotel-beauvoir.fr\/es\/un-hotel-en-el-corazon-de-paris\/#primaryimage"},"image":{"@id":"https:\/\/www.hotel-beauvoir.fr\/es\/un-hotel-en-el-corazon-de-paris\/#primaryimage"},"thumbnailUrl":"https:\/\/www.hotel-beauvoir.fr\/wp-content\/uploads\/sites\/511\/2025\/10\/10464408-1.png","datePublished":"2022-12-27T08:59:37+00:00","dateModified":"2025-10-21T15:07:58+00:00","description":"Una ubicaci\u00f3n \u00fanica.","breadcrumb":{"@id":"https:\/\/www.hotel-beauvoir.fr\/es\/un-hotel-en-el-corazon-de-paris\/#breadcrumb"},"inLanguage":"es","potentialAction":[{"@type":"ReadAction","target":["https:\/\/www.hotel-beauvoir.fr\/es\/un-hotel-en-el-corazon-de-paris\/"]}]},{"@type":"ImageObject","inLanguage":"es","@id":"https:\/\/www.hotel-beauvoir.fr\/es\/un-hotel-en-el-corazon-de-paris\/#primaryimage","url":"https:\/\/www.hotel-beauvoir.fr\/wp-content\/uploads\/sites\/511\/2025\/10\/10464408-1.png","contentUrl":"https:\/\/www.hotel-beauvoir.fr\/wp-content\/uploads\/sites\/511\/2025\/10\/10464408-1.png"},{"@type":"BreadcrumbList","@id":"https:\/\/www.hotel-beauvoir.fr\/es\/un-hotel-en-el-corazon-de-paris\/#breadcrumb","itemListElement":[{"@type":"ListItem","position":1,"name":"Home","item":"https:\/\/www.hotel-beauvoir.fr\/es\/"},{"@type":"ListItem","position":2,"name":"CONTACTAR"}]},{"@type":"WebSite","@id":"http:\/\/www.hotel-beauvoir.fr\/es\/#website","url":"http:\/\/www.hotel-beauvoir.fr\/es\/","name":"H\u00f4tel Beauvoir","description":"","potentialAction":[{"@type":"SearchAction","target":{"@type":"EntryPoint","urlTemplate":"http:\/\/www.hotel-beauvoir.fr\/es\/?s={search_term_string}"},"query-input":{"@type":"PropertyValueSpecification","valueRequired":true,"valueName":"search_term_string"}}],"inLanguage":"es"}]}},"acf":[],"_links":{"self":[{"href":"https:\/\/www.hotel-beauvoir.fr\/es\/wp-json\/wp\/v2\/pages\/192","targetHints":{"allow":["GET"]}}],"collection":[{"href":"https:\/\/www.hotel-beauvoir.fr\/es\/wp-json\/wp\/v2\/pages"}],"about":[{"href":"https:\/\/www.hotel-beauvoir.fr\/es\/wp-json\/wp\/v2\/types\/page"}],"author":[{"embeddable":true,"href":"https:\/\/www.hotel-beauvoir.fr\/es\/wp-json\/wp\/v2\/users\/531"}],"replies":[{"embeddable":true,"href":"https:\/\/www.hotel-beauvoir.fr\/es\/wp-json\/wp\/v2\/comments?post=192"}],"version-history":[{"count":0,"href":"https:\/\/www.hotel-beauvoir.fr\/es\/wp-json\/wp\/v2\/pages\/192\/revisions"}],"wp:attachment":[{"href":"https:\/\/www.hotel-beauvoir.fr\/es\/wp-json\/wp\/v2\/media?parent=192"}],"curies":[{"name":"wp","href":"https:\/\/api.w.org\/{rel}","templated":true}]}}