{"id":198,"date":"2022-12-26T15:27:18","date_gmt":"2022-12-26T15:27:18","guid":{"rendered":"https:\/\/www.hotel-beauvoir.fr\/mentions-legales\/"},"modified":"2024-05-31T13:21:49","modified_gmt":"2024-05-31T13:21:49","slug":"menzioni-legales","status":"publish","type":"page","link":"https:\/\/www.hotel-beauvoir.fr\/es\/menzioni-legales\/","title":{"rendered":"NOTAS LEGALES"},"content":{"rendered":"<p>URL: www.hotel-beauvoir.com<br \/>\nEmpresa, organizaci\u00f3n: SNC H\u00f4tel Beauvoir<br \/>\nDirecci\u00f3n de la oficina central: 43 Avenue Georges Bernanos, 75005 Par\u00eds<br \/>\nTel\u00e9fono: 0143255710<br \/>\nCorreo electr\u00f3nico: contact@hotel-beauvoir.fr<br \/>\nRCS: 552 006 280<br \/>\nSIRET: 552 006 280 000 10<br \/>\nIVA intracomunitario: FR29552006280<br \/>\nCapital social: 38.112,25 euros<br \/>\nDirector de publicaci\u00f3n, responsable jur\u00eddico: Mattia Atmoun<br \/>\nWebmaster, dise\u00f1o, edici\u00f3n, direcci\u00f3n art\u00edstica: D-EDGE<br \/>\nAlojamiento: D-EDGE (64-66 Rue des Archives, 75003 Par\u00eds, 01 76 44 04 35)<\/p>\n<p>Fotos: Karen Assayag<\/p>\n<p>El sitio presenta:<br \/>\n\u25cf Contenido informativo<br \/>\n\u25cf Recopilaci\u00f3n de datos de contacto personales en l\u00ednea<\/p>\n<p>Tecnolog\u00eda de la informaci\u00f3n y derecho de la libertad:<br \/>\nEl sitio es objeto de una declaraci\u00f3n ante la Commission Nationale Informatique et Libert\u00e9s. Tiene derecho a acceder, modificar, rectificar y suprimir los datos que le conciernen (art. 34 de la ley \u201cInformatique et Libert\u00e9s\u201d). Para ejercer este derecho, dir\u00edjase a: contact@hotel-beauvoir.fr<br \/>\nPropiedad :<br \/>\nEl sitio y la informaci\u00f3n que contiene est\u00e1n protegidos por la ley francesa sobre propiedad intelectual y por los convenios internacionales. Excepto para uso dentro del c\u00edrculo familiar o uso privado, el sitio y ning\u00fan elemento de su contenido puede ser reproducido, republicado, transcrito, modificado o retransmitido sin la autorizaci\u00f3n previa de los titulares de los derechos.<\/p>\n<p>Mediador de consumo:<br \/>\nEn caso de litigio, tras contactar con el servicio de atenci\u00f3n al cliente del hotel y a falta de respuesta satisfactoria en el plazo de 60 d\u00edas, tienes la posibilidad de recurrir a un mediador de consumo en las condiciones previstas en el T\u00edtulo 1 del Libro VI (art\u00edculo L. 111-1 6\u00b0 del C\u00f3digo del Consumidor) ya sea escribiendo una carta a la siguiente direcci\u00f3n, o completando el formulario dispuesto a tal efecto en el sitio web de:<br \/>\nMTV Mediaci\u00f3n Turismo y Viajes<br \/>\nCaja 80303<br \/>\n75 823 PAR\u00cdS CEDEX 17<br \/>\nwww.mtv.travel\/<br \/>\n01 87 44 70 90<\/p>\n<p>Tambi\u00e9n puede acudir a la plataforma de resoluci\u00f3n de litigios en l\u00ednea (ODR) en la siguiente direcci\u00f3n: https:\/\/ec.europa.eu\/consumers\/odr\/main\/?event=main.home2.show&amp;ing= FR<\/p>\n<p><strong>Derecho a retractarse:<\/strong><\/p>\n<p>De conformidad con el art\u00edculo L221-28 del C\u00f3digo del Consumidor, se informa al consumidor que no podr\u00e1 ejercer su derecho de desistimiento.<\/p>\n","protected":false},"excerpt":{"rendered":"<p>URL: www.hotel-beauvoir.com Empresa, organizaci\u00f3n: SNC H\u00f4tel Beauvoir Direcci\u00f3n de la oficina central: 43 Avenue Georges Bernanos, 75005 Par\u00eds Tel\u00e9fono: 0143255710 Correo electr\u00f3nico: contact@hotel-beauvoir.fr RCS: 552 006 280 SIRET: 552 006 280 000 10 IVA intracomunitario: FR29552006280 Capital social: 38.112,25 euros Director de publicaci\u00f3n, responsable jur\u00eddico: Mattia Atmoun Webmaster, dise\u00f1o, edici\u00f3n, direcci\u00f3n art\u00edstica: D-EDGE Alojamiento: D-EDGE [&hellip;]<\/p>\n","protected":false},"author":531,"featured_media":0,"parent":0,"menu_order":0,"comment_status":"closed","ping_status":"closed","template":"template-default-4.php","meta":{"footnotes":""},"class_list":["post-198","page","type-page","status-publish","hentry"],"yoast_head":"<!-- This site is optimized with the Yoast SEO plugin v26.9 - https:\/\/yoast.com\/product\/yoast-seo-wordpress\/ -->\n<title>NOTAS LEGALES - H\u00f4tel Beauvoir<\/title>\n<meta name=\"description\" content=\"URL: www.hotel-beauvoir.com Empresa, organizaci\u00f3n: SNC H\u00f4tel Beauvoir Direcci\u00f3n de la oficina central: 43 Avenue Georges Bernanos, 75005 Par\u00eds Tel\u00e9fono:\" \/>\n<meta name=\"robots\" content=\"index, follow, max-snippet:-1, max-image-preview:large, max-video-preview:-1\" \/>\n<link rel=\"canonical\" href=\"https:\/\/www.hotel-beauvoir.fr\/es\/menzioni-legales\/\" \/>\n<meta property=\"og:locale\" content=\"es_ES\" \/>\n<meta property=\"og:type\" content=\"article\" \/>\n<meta property=\"og:title\" content=\"NOTAS LEGALES - H\u00f4tel Beauvoir\" \/>\n<meta property=\"og:description\" content=\"URL: www.hotel-beauvoir.com Empresa, organizaci\u00f3n: SNC H\u00f4tel Beauvoir Direcci\u00f3n de la oficina central: 43 Avenue Georges Bernanos, 75005 Par\u00eds Tel\u00e9fono:\" \/>\n<meta property=\"og:url\" content=\"https:\/\/www.hotel-beauvoir.fr\/es\/menzioni-legales\/\" \/>\n<meta property=\"og:site_name\" content=\"H\u00f4tel Beauvoir\" \/>\n<meta property=\"article:modified_time\" content=\"2024-05-31T13:21:49+00:00\" \/>\n<meta name=\"twitter:card\" content=\"summary_large_image\" \/>\n<meta name=\"twitter:label1\" content=\"Tiempo de lectura\" \/>\n\t<meta name=\"twitter:data1\" content=\"2 minutos\" \/>\n<script type=\"application\/ld+json\" class=\"yoast-schema-graph\">{\"@context\":\"https:\/\/schema.org\",\"@graph\":[{\"@type\":\"WebPage\",\"@id\":\"https:\/\/www.hotel-beauvoir.fr\/es\/menzioni-legales\/\",\"url\":\"https:\/\/www.hotel-beauvoir.fr\/es\/menzioni-legales\/\",\"name\":\"NOTAS LEGALES - H\u00f4tel Beauvoir\",\"isPartOf\":{\"@id\":\"http:\/\/www.hotel-beauvoir.fr\/es\/#website\"},\"datePublished\":\"2022-12-26T15:27:18+00:00\",\"dateModified\":\"2024-05-31T13:21:49+00:00\",\"description\":\"URL: www.hotel-beauvoir.com Empresa, organizaci\u00f3n: SNC H\u00f4tel Beauvoir Direcci\u00f3n de la oficina central: 43 Avenue Georges Bernanos, 75005 Par\u00eds Tel\u00e9fono:\",\"breadcrumb\":{\"@id\":\"https:\/\/www.hotel-beauvoir.fr\/es\/menzioni-legales\/#breadcrumb\"},\"inLanguage\":\"es\",\"potentialAction\":[{\"@type\":\"ReadAction\",\"target\":[\"https:\/\/www.hotel-beauvoir.fr\/es\/menzioni-legales\/\"]}]},{\"@type\":\"BreadcrumbList\",\"@id\":\"https:\/\/www.hotel-beauvoir.fr\/es\/menzioni-legales\/#breadcrumb\",\"itemListElement\":[{\"@type\":\"ListItem\",\"position\":1,\"name\":\"Home\",\"item\":\"https:\/\/www.hotel-beauvoir.fr\/es\/\"},{\"@type\":\"ListItem\",\"position\":2,\"name\":\"NOTAS LEGALES\"}]},{\"@type\":\"WebSite\",\"@id\":\"http:\/\/www.hotel-beauvoir.fr\/es\/#website\",\"url\":\"http:\/\/www.hotel-beauvoir.fr\/es\/\",\"name\":\"H\u00f4tel Beauvoir\",\"description\":\"\",\"potentialAction\":[{\"@type\":\"SearchAction\",\"target\":{\"@type\":\"EntryPoint\",\"urlTemplate\":\"http:\/\/www.hotel-beauvoir.fr\/es\/?s={search_term_string}\"},\"query-input\":{\"@type\":\"PropertyValueSpecification\",\"valueRequired\":true,\"valueName\":\"search_term_string\"}}],\"inLanguage\":\"es\"}]}<\/script>\n<!-- \/ Yoast SEO plugin. -->","yoast_head_json":{"title":"NOTAS LEGALES - H\u00f4tel Beauvoir","description":"URL: www.hotel-beauvoir.com Empresa, organizaci\u00f3n: SNC H\u00f4tel Beauvoir Direcci\u00f3n de la oficina central: 43 Avenue Georges Bernanos, 75005 Par\u00eds Tel\u00e9fono:","robots":{"index":"index","follow":"follow","max-snippet":"max-snippet:-1","max-image-preview":"max-image-preview:large","max-video-preview":"max-video-preview:-1"},"canonical":"https:\/\/www.hotel-beauvoir.fr\/es\/menzioni-legales\/","og_locale":"es_ES","og_type":"article","og_title":"NOTAS LEGALES - H\u00f4tel Beauvoir","og_description":"URL: www.hotel-beauvoir.com Empresa, organizaci\u00f3n: SNC H\u00f4tel Beauvoir Direcci\u00f3n de la oficina central: 43 Avenue Georges Bernanos, 75005 Par\u00eds Tel\u00e9fono:","og_url":"https:\/\/www.hotel-beauvoir.fr\/es\/menzioni-legales\/","og_site_name":"H\u00f4tel Beauvoir","article_modified_time":"2024-05-31T13:21:49+00:00","twitter_card":"summary_large_image","twitter_misc":{"Tiempo de lectura":"2 minutos"},"schema":{"@context":"https:\/\/schema.org","@graph":[{"@type":"WebPage","@id":"https:\/\/www.hotel-beauvoir.fr\/es\/menzioni-legales\/","url":"https:\/\/www.hotel-beauvoir.fr\/es\/menzioni-legales\/","name":"NOTAS LEGALES - H\u00f4tel Beauvoir","isPartOf":{"@id":"http:\/\/www.hotel-beauvoir.fr\/es\/#website"},"datePublished":"2022-12-26T15:27:18+00:00","dateModified":"2024-05-31T13:21:49+00:00","description":"URL: www.hotel-beauvoir.com Empresa, organizaci\u00f3n: SNC H\u00f4tel Beauvoir Direcci\u00f3n de la oficina central: 43 Avenue Georges Bernanos, 75005 Par\u00eds Tel\u00e9fono:","breadcrumb":{"@id":"https:\/\/www.hotel-beauvoir.fr\/es\/menzioni-legales\/#breadcrumb"},"inLanguage":"es","potentialAction":[{"@type":"ReadAction","target":["https:\/\/www.hotel-beauvoir.fr\/es\/menzioni-legales\/"]}]},{"@type":"BreadcrumbList","@id":"https:\/\/www.hotel-beauvoir.fr\/es\/menzioni-legales\/#breadcrumb","itemListElement":[{"@type":"ListItem","position":1,"name":"Home","item":"https:\/\/www.hotel-beauvoir.fr\/es\/"},{"@type":"ListItem","position":2,"name":"NOTAS LEGALES"}]},{"@type":"WebSite","@id":"http:\/\/www.hotel-beauvoir.fr\/es\/#website","url":"http:\/\/www.hotel-beauvoir.fr\/es\/","name":"H\u00f4tel Beauvoir","description":"","potentialAction":[{"@type":"SearchAction","target":{"@type":"EntryPoint","urlTemplate":"http:\/\/www.hotel-beauvoir.fr\/es\/?s={search_term_string}"},"query-input":{"@type":"PropertyValueSpecification","valueRequired":true,"valueName":"search_term_string"}}],"inLanguage":"es"}]}},"acf":[],"_links":{"self":[{"href":"https:\/\/www.hotel-beauvoir.fr\/es\/wp-json\/wp\/v2\/pages\/198","targetHints":{"allow":["GET"]}}],"collection":[{"href":"https:\/\/www.hotel-beauvoir.fr\/es\/wp-json\/wp\/v2\/pages"}],"about":[{"href":"https:\/\/www.hotel-beauvoir.fr\/es\/wp-json\/wp\/v2\/types\/page"}],"author":[{"embeddable":true,"href":"https:\/\/www.hotel-beauvoir.fr\/es\/wp-json\/wp\/v2\/users\/531"}],"replies":[{"embeddable":true,"href":"https:\/\/www.hotel-beauvoir.fr\/es\/wp-json\/wp\/v2\/comments?post=198"}],"version-history":[{"count":0,"href":"https:\/\/www.hotel-beauvoir.fr\/es\/wp-json\/wp\/v2\/pages\/198\/revisions"}],"wp:attachment":[{"href":"https:\/\/www.hotel-beauvoir.fr\/es\/wp-json\/wp\/v2\/media?parent=198"}],"curies":[{"name":"wp","href":"https:\/\/api.w.org\/{rel}","templated":true}]}}