{"id":206,"date":"2022-12-27T09:02:05","date_gmt":"2022-12-27T09:02:05","guid":{"rendered":"https:\/\/www.hotel-beauvoir.fr\/__trashed\/chambre-single-standard\/"},"modified":"2025-10-20T20:39:20","modified_gmt":"2025-10-20T20:39:20","slug":"habitacion-individual-estandar","status":"publish","type":"page","link":"https:\/\/www.hotel-beauvoir.fr\/es\/__trashed\/habitacion-individual-estandar\/","title":{"rendered":"HABITACION INDIVIDUAL ESTANDAR"},"content":{"rendered":"<p>Si visita Paris por un periodo breve o busca un alojamiento situado en el corazon de la capital con todas las comodidades que necesita, la habitacion Single Estandar, con capacidad para una persona, est\u00e0 hecha para usted.<\/p>\n<p>Esta habitaci\u00f3n con una superficie de <span class=\"math-inline\" data-math=\"8 \\text{ m}^2\">8 m2<\/span> cuenta con una cama de 90 cm y ofrece vistas a un apacible patio interior, garantizando la m\u00e1xima calma.<\/p>\n<p>&nbsp;<\/p>\n<p>&nbsp;<\/p>\n","protected":false},"excerpt":{"rendered":"<p>Si visita Paris por un periodo breve o busca un alojamiento situado en el corazon de la capital con todas las comodidades que necesita, la habitacion Single Estandar, con capacidad para una persona, est\u00e0 hecha para usted. Esta habitaci\u00f3n con una superficie de 8 m2 cuenta con una cama de 90 cm y ofrece vistas [&hellip;]<\/p>\n","protected":false},"author":531,"featured_media":0,"parent":181,"menu_order":0,"comment_status":"closed","ping_status":"closed","template":"template-single-room.php","meta":{"footnotes":""},"class_list":["post-206","page","type-page","status-publish","hentry"],"yoast_head":"<!-- This site is optimized with the Yoast SEO plugin v26.9 - https:\/\/yoast.com\/product\/yoast-seo-wordpress\/ -->\n<title>Habitaci\u00f3n individual est\u00e1ndar<\/title>\n<meta name=\"description\" content=\"La habitaci\u00f3n Single Standard tiene capacidad para una persona y cuenta con todo el equipamiento necesario para una estancia exitosa. Tu habitaci\u00f3n individual en el coraz\u00f3n de Par\u00eds\" \/>\n<meta name=\"robots\" content=\"index, follow, max-snippet:-1, max-image-preview:large, max-video-preview:-1\" \/>\n<link rel=\"canonical\" href=\"https:\/\/www.hotel-beauvoir.fr\/es\/__trashed\/habitacion-individual-estandar\/\" \/>\n<meta property=\"og:locale\" content=\"es_ES\" \/>\n<meta property=\"og:type\" content=\"article\" \/>\n<meta property=\"og:title\" content=\"Habitaci\u00f3n individual est\u00e1ndar\" \/>\n<meta property=\"og:description\" content=\"La habitaci\u00f3n Single Standard tiene capacidad para una persona y cuenta con todo el equipamiento necesario para una estancia exitosa. Tu habitaci\u00f3n individual en el coraz\u00f3n de Par\u00eds\" \/>\n<meta property=\"og:url\" content=\"https:\/\/www.hotel-beauvoir.fr\/es\/__trashed\/habitacion-individual-estandar\/\" \/>\n<meta property=\"og:site_name\" content=\"H\u00f4tel Beauvoir\" \/>\n<meta property=\"article:modified_time\" content=\"2025-10-20T20:39:20+00:00\" \/>\n<meta name=\"twitter:card\" content=\"summary_large_image\" \/>\n<meta name=\"twitter:label1\" content=\"Tiempo de lectura\" \/>\n\t<meta name=\"twitter:data1\" content=\"1 minuto\" \/>\n<script type=\"application\/ld+json\" class=\"yoast-schema-graph\">{\"@context\":\"https:\/\/schema.org\",\"@graph\":[{\"@type\":\"WebPage\",\"@id\":\"https:\/\/www.hotel-beauvoir.fr\/es\/__trashed\/habitacion-individual-estandar\/\",\"url\":\"https:\/\/www.hotel-beauvoir.fr\/es\/__trashed\/habitacion-individual-estandar\/\",\"name\":\"Habitaci\u00f3n individual est\u00e1ndar\",\"isPartOf\":{\"@id\":\"http:\/\/www.hotel-beauvoir.fr\/es\/#website\"},\"datePublished\":\"2022-12-27T09:02:05+00:00\",\"dateModified\":\"2025-10-20T20:39:20+00:00\",\"description\":\"La habitaci\u00f3n Single Standard tiene capacidad para una persona y cuenta con todo el equipamiento necesario para una estancia exitosa. Tu habitaci\u00f3n individual en el coraz\u00f3n de Par\u00eds\",\"breadcrumb\":{\"@id\":\"https:\/\/www.hotel-beauvoir.fr\/es\/__trashed\/habitacion-individual-estandar\/#breadcrumb\"},\"inLanguage\":\"es\",\"potentialAction\":[{\"@type\":\"ReadAction\",\"target\":[\"https:\/\/www.hotel-beauvoir.fr\/es\/__trashed\/habitacion-individual-estandar\/\"]}]},{\"@type\":\"BreadcrumbList\",\"@id\":\"https:\/\/www.hotel-beauvoir.fr\/es\/__trashed\/habitacion-individual-estandar\/#breadcrumb\",\"itemListElement\":[{\"@type\":\"ListItem\",\"position\":1,\"name\":\"Home\",\"item\":\"https:\/\/www.hotel-beauvoir.fr\/es\/\"},{\"@type\":\"ListItem\",\"position\":2,\"name\":\"HABITACIONES\",\"item\":\"https:\/\/www.hotel-beauvoir.fr\/es\/__trashed\/\"},{\"@type\":\"ListItem\",\"position\":3,\"name\":\"HABITACION INDIVIDUAL ESTANDAR\"}]},{\"@type\":\"WebSite\",\"@id\":\"http:\/\/www.hotel-beauvoir.fr\/es\/#website\",\"url\":\"http:\/\/www.hotel-beauvoir.fr\/es\/\",\"name\":\"H\u00f4tel Beauvoir\",\"description\":\"\",\"potentialAction\":[{\"@type\":\"SearchAction\",\"target\":{\"@type\":\"EntryPoint\",\"urlTemplate\":\"http:\/\/www.hotel-beauvoir.fr\/es\/?s={search_term_string}\"},\"query-input\":{\"@type\":\"PropertyValueSpecification\",\"valueRequired\":true,\"valueName\":\"search_term_string\"}}],\"inLanguage\":\"es\"}]}<\/script>\n<!-- \/ Yoast SEO plugin. -->","yoast_head_json":{"title":"Habitaci\u00f3n individual est\u00e1ndar","description":"La habitaci\u00f3n Single Standard tiene capacidad para una persona y cuenta con todo el equipamiento necesario para una estancia exitosa. Tu habitaci\u00f3n individual en el coraz\u00f3n de Par\u00eds","robots":{"index":"index","follow":"follow","max-snippet":"max-snippet:-1","max-image-preview":"max-image-preview:large","max-video-preview":"max-video-preview:-1"},"canonical":"https:\/\/www.hotel-beauvoir.fr\/es\/__trashed\/habitacion-individual-estandar\/","og_locale":"es_ES","og_type":"article","og_title":"Habitaci\u00f3n individual est\u00e1ndar","og_description":"La habitaci\u00f3n Single Standard tiene capacidad para una persona y cuenta con todo el equipamiento necesario para una estancia exitosa. Tu habitaci\u00f3n individual en el coraz\u00f3n de Par\u00eds","og_url":"https:\/\/www.hotel-beauvoir.fr\/es\/__trashed\/habitacion-individual-estandar\/","og_site_name":"H\u00f4tel Beauvoir","article_modified_time":"2025-10-20T20:39:20+00:00","twitter_card":"summary_large_image","twitter_misc":{"Tiempo de lectura":"1 minuto"},"schema":{"@context":"https:\/\/schema.org","@graph":[{"@type":"WebPage","@id":"https:\/\/www.hotel-beauvoir.fr\/es\/__trashed\/habitacion-individual-estandar\/","url":"https:\/\/www.hotel-beauvoir.fr\/es\/__trashed\/habitacion-individual-estandar\/","name":"Habitaci\u00f3n individual est\u00e1ndar","isPartOf":{"@id":"http:\/\/www.hotel-beauvoir.fr\/es\/#website"},"datePublished":"2022-12-27T09:02:05+00:00","dateModified":"2025-10-20T20:39:20+00:00","description":"La habitaci\u00f3n Single Standard tiene capacidad para una persona y cuenta con todo el equipamiento necesario para una estancia exitosa. Tu habitaci\u00f3n individual en el coraz\u00f3n de Par\u00eds","breadcrumb":{"@id":"https:\/\/www.hotel-beauvoir.fr\/es\/__trashed\/habitacion-individual-estandar\/#breadcrumb"},"inLanguage":"es","potentialAction":[{"@type":"ReadAction","target":["https:\/\/www.hotel-beauvoir.fr\/es\/__trashed\/habitacion-individual-estandar\/"]}]},{"@type":"BreadcrumbList","@id":"https:\/\/www.hotel-beauvoir.fr\/es\/__trashed\/habitacion-individual-estandar\/#breadcrumb","itemListElement":[{"@type":"ListItem","position":1,"name":"Home","item":"https:\/\/www.hotel-beauvoir.fr\/es\/"},{"@type":"ListItem","position":2,"name":"HABITACIONES","item":"https:\/\/www.hotel-beauvoir.fr\/es\/__trashed\/"},{"@type":"ListItem","position":3,"name":"HABITACION INDIVIDUAL ESTANDAR"}]},{"@type":"WebSite","@id":"http:\/\/www.hotel-beauvoir.fr\/es\/#website","url":"http:\/\/www.hotel-beauvoir.fr\/es\/","name":"H\u00f4tel Beauvoir","description":"","potentialAction":[{"@type":"SearchAction","target":{"@type":"EntryPoint","urlTemplate":"http:\/\/www.hotel-beauvoir.fr\/es\/?s={search_term_string}"},"query-input":{"@type":"PropertyValueSpecification","valueRequired":true,"valueName":"search_term_string"}}],"inLanguage":"es"}]}},"acf":[],"_links":{"self":[{"href":"https:\/\/www.hotel-beauvoir.fr\/es\/wp-json\/wp\/v2\/pages\/206","targetHints":{"allow":["GET"]}}],"collection":[{"href":"https:\/\/www.hotel-beauvoir.fr\/es\/wp-json\/wp\/v2\/pages"}],"about":[{"href":"https:\/\/www.hotel-beauvoir.fr\/es\/wp-json\/wp\/v2\/types\/page"}],"author":[{"embeddable":true,"href":"https:\/\/www.hotel-beauvoir.fr\/es\/wp-json\/wp\/v2\/users\/531"}],"replies":[{"embeddable":true,"href":"https:\/\/www.hotel-beauvoir.fr\/es\/wp-json\/wp\/v2\/comments?post=206"}],"version-history":[{"count":0,"href":"https:\/\/www.hotel-beauvoir.fr\/es\/wp-json\/wp\/v2\/pages\/206\/revisions"}],"up":[{"embeddable":true,"href":"https:\/\/www.hotel-beauvoir.fr\/es\/wp-json\/wp\/v2\/pages\/181"}],"wp:attachment":[{"href":"https:\/\/www.hotel-beauvoir.fr\/es\/wp-json\/wp\/v2\/media?parent=206"}],"curies":[{"name":"wp","href":"https:\/\/api.w.org\/{rel}","templated":true}]}}