{"id":211,"date":"2022-12-27T09:03:38","date_gmt":"2022-12-27T09:03:38","guid":{"rendered":"https:\/\/www.hotel-beauvoir.fr\/__trashed\/suite\/"},"modified":"2024-05-10T07:53:32","modified_gmt":"2024-05-10T07:53:32","slug":"suite","status":"publish","type":"page","link":"https:\/\/www.hotel-beauvoir.fr\/es\/__trashed\/suite\/","title":{"rendered":"SUITE HEMINGWAY"},"content":{"rendered":"<p><span data-sheets-value=\"{&quot;1&quot;:2,&quot;2&quot;:&quot;Situ\u00e9e au dernier \u00e9tage de l\u2019h\u00f4tel, la suite Hemingway peut accueillir trois personnes et dispose de tous les \u00e9quipements n\u00e9cessaires \u00e0 la r\u00e9ussite de votre s\u00e9jour.\\r\\nProfitez d\u2019une vue imprenable sur Paris.\\r\\n&quot;}\" data-sheets-userformat=\"{&quot;2&quot;:15235,&quot;3&quot;:{&quot;1&quot;:0},&quot;4&quot;:{&quot;1&quot;:2,&quot;2&quot;:14281427},&quot;10&quot;:1,&quot;11&quot;:4,&quot;12&quot;:0,&quot;14&quot;:{&quot;1&quot;:2,&quot;2&quot;:16711680},&quot;15&quot;:&quot;Calibri&quot;,&quot;16&quot;:11}\">Ubicada en el ultima planta del hotel, la suite Hemingway tiene capacidad para tres personas y cuenta con todas las comodidades necesarias. <\/span><\/p>\n<p><span data-sheets-value=\"{&quot;1&quot;:2,&quot;2&quot;:&quot;Situ\u00e9e au dernier \u00e9tage de l\u2019h\u00f4tel, la suite Hemingway peut accueillir trois personnes et dispose de tous les \u00e9quipements n\u00e9cessaires \u00e0 la r\u00e9ussite de votre s\u00e9jour.\\r\\nProfitez d\u2019une vue imprenable sur Paris.\\r\\n&quot;}\" data-sheets-userformat=\"{&quot;2&quot;:15235,&quot;3&quot;:{&quot;1&quot;:0},&quot;4&quot;:{&quot;1&quot;:2,&quot;2&quot;:14281427},&quot;10&quot;:1,&quot;11&quot;:4,&quot;12&quot;:0,&quot;14&quot;:{&quot;1&quot;:2,&quot;2&quot;:16711680},&quot;15&quot;:&quot;Calibri&quot;,&quot;16&quot;:11}\">Disfruten de una vista impresionante de Paris.<\/span><\/p>\n","protected":false},"excerpt":{"rendered":"<p>Ubicada en el ultima planta del hotel, la suite Hemingway tiene capacidad para tres personas y cuenta con todas las comodidades necesarias. Disfruten de una vista impresionante de Paris.<\/p>\n","protected":false},"author":531,"featured_media":0,"parent":181,"menu_order":0,"comment_status":"closed","ping_status":"closed","template":"template-single-room.php","meta":{"footnotes":""},"class_list":["post-211","page","type-page","status-publish","hentry"],"yoast_head":"<!-- This site is optimized with the Yoast SEO plugin v26.9 - https:\/\/yoast.com\/product\/yoast-seo-wordpress\/ -->\n<title>Suite Hemingway<\/title>\n<meta name=\"description\" content=\"Su suite en el coraz\u00f3n de Par\u00eds\" \/>\n<meta name=\"robots\" content=\"index, follow, max-snippet:-1, max-image-preview:large, max-video-preview:-1\" \/>\n<link rel=\"canonical\" href=\"https:\/\/www.hotel-beauvoir.fr\/es\/__trashed\/suite\/\" \/>\n<meta property=\"og:locale\" content=\"es_ES\" \/>\n<meta property=\"og:type\" content=\"article\" \/>\n<meta property=\"og:title\" content=\"Suite Hemingway\" \/>\n<meta property=\"og:description\" content=\"Su suite en el coraz\u00f3n de Par\u00eds\" \/>\n<meta property=\"og:url\" content=\"https:\/\/www.hotel-beauvoir.fr\/es\/__trashed\/suite\/\" \/>\n<meta property=\"og:site_name\" content=\"H\u00f4tel Beauvoir\" \/>\n<meta property=\"article:modified_time\" content=\"2024-05-10T07:53:32+00:00\" \/>\n<meta name=\"twitter:card\" content=\"summary_large_image\" \/>\n<meta name=\"twitter:label1\" content=\"Tiempo de lectura\" \/>\n\t<meta name=\"twitter:data1\" content=\"1 minuto\" \/>\n<script type=\"application\/ld+json\" class=\"yoast-schema-graph\">{\"@context\":\"https:\/\/schema.org\",\"@graph\":[{\"@type\":\"WebPage\",\"@id\":\"https:\/\/www.hotel-beauvoir.fr\/es\/__trashed\/suite\/\",\"url\":\"https:\/\/www.hotel-beauvoir.fr\/es\/__trashed\/suite\/\",\"name\":\"Suite Hemingway\",\"isPartOf\":{\"@id\":\"http:\/\/www.hotel-beauvoir.fr\/es\/#website\"},\"datePublished\":\"2022-12-27T09:03:38+00:00\",\"dateModified\":\"2024-05-10T07:53:32+00:00\",\"description\":\"Su suite en el coraz\u00f3n de Par\u00eds\",\"breadcrumb\":{\"@id\":\"https:\/\/www.hotel-beauvoir.fr\/es\/__trashed\/suite\/#breadcrumb\"},\"inLanguage\":\"es\",\"potentialAction\":[{\"@type\":\"ReadAction\",\"target\":[\"https:\/\/www.hotel-beauvoir.fr\/es\/__trashed\/suite\/\"]}]},{\"@type\":\"BreadcrumbList\",\"@id\":\"https:\/\/www.hotel-beauvoir.fr\/es\/__trashed\/suite\/#breadcrumb\",\"itemListElement\":[{\"@type\":\"ListItem\",\"position\":1,\"name\":\"Home\",\"item\":\"https:\/\/www.hotel-beauvoir.fr\/es\/\"},{\"@type\":\"ListItem\",\"position\":2,\"name\":\"HABITACIONES\",\"item\":\"https:\/\/www.hotel-beauvoir.fr\/es\/__trashed\/\"},{\"@type\":\"ListItem\",\"position\":3,\"name\":\"SUITE HEMINGWAY\"}]},{\"@type\":\"WebSite\",\"@id\":\"http:\/\/www.hotel-beauvoir.fr\/es\/#website\",\"url\":\"http:\/\/www.hotel-beauvoir.fr\/es\/\",\"name\":\"H\u00f4tel Beauvoir\",\"description\":\"\",\"potentialAction\":[{\"@type\":\"SearchAction\",\"target\":{\"@type\":\"EntryPoint\",\"urlTemplate\":\"http:\/\/www.hotel-beauvoir.fr\/es\/?s={search_term_string}\"},\"query-input\":{\"@type\":\"PropertyValueSpecification\",\"valueRequired\":true,\"valueName\":\"search_term_string\"}}],\"inLanguage\":\"es\"}]}<\/script>\n<!-- \/ Yoast SEO plugin. -->","yoast_head_json":{"title":"Suite Hemingway","description":"Su suite en el coraz\u00f3n de Par\u00eds","robots":{"index":"index","follow":"follow","max-snippet":"max-snippet:-1","max-image-preview":"max-image-preview:large","max-video-preview":"max-video-preview:-1"},"canonical":"https:\/\/www.hotel-beauvoir.fr\/es\/__trashed\/suite\/","og_locale":"es_ES","og_type":"article","og_title":"Suite Hemingway","og_description":"Su suite en el coraz\u00f3n de Par\u00eds","og_url":"https:\/\/www.hotel-beauvoir.fr\/es\/__trashed\/suite\/","og_site_name":"H\u00f4tel Beauvoir","article_modified_time":"2024-05-10T07:53:32+00:00","twitter_card":"summary_large_image","twitter_misc":{"Tiempo de lectura":"1 minuto"},"schema":{"@context":"https:\/\/schema.org","@graph":[{"@type":"WebPage","@id":"https:\/\/www.hotel-beauvoir.fr\/es\/__trashed\/suite\/","url":"https:\/\/www.hotel-beauvoir.fr\/es\/__trashed\/suite\/","name":"Suite Hemingway","isPartOf":{"@id":"http:\/\/www.hotel-beauvoir.fr\/es\/#website"},"datePublished":"2022-12-27T09:03:38+00:00","dateModified":"2024-05-10T07:53:32+00:00","description":"Su suite en el coraz\u00f3n de Par\u00eds","breadcrumb":{"@id":"https:\/\/www.hotel-beauvoir.fr\/es\/__trashed\/suite\/#breadcrumb"},"inLanguage":"es","potentialAction":[{"@type":"ReadAction","target":["https:\/\/www.hotel-beauvoir.fr\/es\/__trashed\/suite\/"]}]},{"@type":"BreadcrumbList","@id":"https:\/\/www.hotel-beauvoir.fr\/es\/__trashed\/suite\/#breadcrumb","itemListElement":[{"@type":"ListItem","position":1,"name":"Home","item":"https:\/\/www.hotel-beauvoir.fr\/es\/"},{"@type":"ListItem","position":2,"name":"HABITACIONES","item":"https:\/\/www.hotel-beauvoir.fr\/es\/__trashed\/"},{"@type":"ListItem","position":3,"name":"SUITE HEMINGWAY"}]},{"@type":"WebSite","@id":"http:\/\/www.hotel-beauvoir.fr\/es\/#website","url":"http:\/\/www.hotel-beauvoir.fr\/es\/","name":"H\u00f4tel Beauvoir","description":"","potentialAction":[{"@type":"SearchAction","target":{"@type":"EntryPoint","urlTemplate":"http:\/\/www.hotel-beauvoir.fr\/es\/?s={search_term_string}"},"query-input":{"@type":"PropertyValueSpecification","valueRequired":true,"valueName":"search_term_string"}}],"inLanguage":"es"}]}},"acf":[],"_links":{"self":[{"href":"https:\/\/www.hotel-beauvoir.fr\/es\/wp-json\/wp\/v2\/pages\/211","targetHints":{"allow":["GET"]}}],"collection":[{"href":"https:\/\/www.hotel-beauvoir.fr\/es\/wp-json\/wp\/v2\/pages"}],"about":[{"href":"https:\/\/www.hotel-beauvoir.fr\/es\/wp-json\/wp\/v2\/types\/page"}],"author":[{"embeddable":true,"href":"https:\/\/www.hotel-beauvoir.fr\/es\/wp-json\/wp\/v2\/users\/531"}],"replies":[{"embeddable":true,"href":"https:\/\/www.hotel-beauvoir.fr\/es\/wp-json\/wp\/v2\/comments?post=211"}],"version-history":[{"count":0,"href":"https:\/\/www.hotel-beauvoir.fr\/es\/wp-json\/wp\/v2\/pages\/211\/revisions"}],"up":[{"embeddable":true,"href":"https:\/\/www.hotel-beauvoir.fr\/es\/wp-json\/wp\/v2\/pages\/181"}],"wp:attachment":[{"href":"https:\/\/www.hotel-beauvoir.fr\/es\/wp-json\/wp\/v2\/media?parent=211"}],"curies":[{"name":"wp","href":"https:\/\/api.w.org\/{rel}","templated":true}]}}