{"id":138,"date":"2022-12-27T08:57:43","date_gmt":"2022-12-27T08:57:43","guid":{"rendered":"https:\/\/www.hotel-beauvoir.fr\/chambres\/"},"modified":"2025-10-21T15:00:06","modified_gmt":"2025-10-21T15:00:06","slug":"chambres","status":"publish","type":"page","link":"https:\/\/www.hotel-beauvoir.fr\/it\/chambres\/","title":{"rendered":"CAMERE"},"content":{"rendered":"<p>Idealmente situato nel triangolo di Montparnasse, Saint-Germain e Saint-Michel, l&#8217;H\u00f4tel Beauvoir ospita 29 camere, di cui una suite, la suite Hemingway, che vanta una splendida vista su Parigi.<\/p>\n<p>Tutte le categorie di camere sono dotate di televisore, accesso Wi-Fi gratuito, angolo scrivania, bollitore con t\u00e8 e caff\u00e8, telefono, doppi vetri, cassaforte, bagno con doccia o vasca, prodotti per l&#8217;igiene personale e asciugacapelli.<\/p>\n<h4 style=\"text-align: left\">Uno Spazio Chiaro e Confortevole: Le Nostre Camere e Le Loro Dimensioni<\/h4>\n<p>All&#8217;H\u00f4tel Beauvoir, desideriamo che la scelta della vostra camera sia fatta in totale fiducia e trasparenza.<\/p>\n<p>Per questo motivo, vi indichiamo la superficie di ogni categoria di camera. Questo vi permette di visualizzare lo spazio e di scegliere quella che si adatta perfettamente alle vostre esigenze di comfort e relax:<\/p>\n<ul>\n<li><b>Camera Singola Standard <\/b>: <span class=\"math-inline\" data-math=\"8 \\text{ m}^2\">8 m2<\/span><\/li>\n<li><b>Camera Singola Superiore <\/b>: <span class=\"math-inline\" data-math=\"10 \\text{ m}^2\">10 m2<\/span><\/li>\n<li><b>Camera Matrimoniale\/Doppia <\/b>: <span class=\"math-inline\" data-math=\"12 \\text{ m}^2\">12 m2<\/span><\/li>\n<li><b>Camera Doppia con Letti Separati <\/b>: <span class=\"math-inline\" data-math=\"14 \\text{ m}^2\">14 m2<\/span><\/li>\n<li><b>Suite<\/b>: <span class=\"math-inline\" data-math=\"16 \\text{ m}^2\">16 m2<\/span><\/li>\n<\/ul>\n<h4 style=\"text-align: center\"><em>Prenotate con Serenit\u00e0<\/em><\/h4>\n<p style=\"text-align: center\">La trasparenza sulle dimensioni delle camere \u00e8 una prova del nostro impegno per la vostra soddisfazione.<\/p>\n<p style=\"text-align: center\">Prenotate da noi sapendo esattamente lo spazio che avrete a disposizione per un piacevole soggiorno.<\/p>\n<p>&nbsp;<\/p>\n<p style=\"text-align: center\"><strong><span style=\"color: #bc9157\">SEGUICI\u00a0<\/span><\/strong><\/p>\n<p style=\"text-align: center\"><a style=\"text-decoration: none\" href=\"https:\/\/www.facebook.com\/profile.php?id=61556094165972\" target=\"_blank\" rel=\"noopener\"><img loading=\"lazy\" decoding=\"async\" class=\"\" src=\"https:\/\/www.hotel-beauvoir.fr\/wp-content\/uploads\/sites\/511\/2025\/10\/10464408-1.png\" width=\"41\" height=\"41\" \/> \u00a0<\/a><a style=\"text-decoration: none\" href=\"https:\/\/www.instagram.com\/hotelbeauvoirparis\/\" target=\"_blank\" rel=\"noopener\"><img loading=\"lazy\" decoding=\"async\" class=\"\" src=\"https:\/\/www.hotel-beauvoir.fr\/wp-content\/uploads\/sites\/511\/2025\/10\/v982-d3-04-1.png\" width=\"41\" height=\"41\" \/><\/a><\/p>\n","protected":false},"excerpt":{"rendered":"<p>Idealmente situato nel triangolo di Montparnasse, Saint-Germain e Saint-Michel, l&#8217;H\u00f4tel Beauvoir ospita 29 camere, di cui una suite, la suite Hemingway, che vanta una splendida vista su Parigi. Tutte le categorie di camere sono dotate di televisore, accesso Wi-Fi gratuito, angolo scrivania, bollitore con t\u00e8 e caff\u00e8, telefono, doppi vetri, cassaforte, bagno con doccia o [&hellip;]<\/p>\n","protected":false},"author":531,"featured_media":0,"parent":0,"menu_order":0,"comment_status":"closed","ping_status":"closed","template":"template-rooms.php","meta":{"footnotes":""},"class_list":["post-138","page","type-page","status-publish","hentry"],"yoast_head":"<!-- This site is optimized with the Yoast SEO plugin v26.9 - https:\/\/yoast.com\/product\/yoast-seo-wordpress\/ -->\n<title>29 chambres qui r\u00e9pondent \u00e0 tous les besoins<\/title>\n<meta name=\"description\" content=\"S\u00e9journez dans l&#039;une de nos 29 chambres disposant de tous les \u00e9quipements n\u00e9cessaires \u00e0 la r\u00e9ussite de votre s\u00e9jour.\" \/>\n<meta name=\"robots\" content=\"index, follow, max-snippet:-1, max-image-preview:large, max-video-preview:-1\" \/>\n<link rel=\"canonical\" href=\"https:\/\/www.hotel-beauvoir.fr\/it\/chambres\/\" \/>\n<meta property=\"og:locale\" content=\"it_IT\" \/>\n<meta property=\"og:type\" content=\"article\" \/>\n<meta property=\"og:title\" content=\"29 chambres qui r\u00e9pondent \u00e0 tous les besoins\" \/>\n<meta property=\"og:description\" content=\"S\u00e9journez dans l&#039;une de nos 29 chambres disposant de tous les \u00e9quipements n\u00e9cessaires \u00e0 la r\u00e9ussite de votre s\u00e9jour.\" \/>\n<meta property=\"og:url\" content=\"https:\/\/www.hotel-beauvoir.fr\/it\/chambres\/\" \/>\n<meta property=\"og:site_name\" content=\"H\u00f4tel Beauvoir\" \/>\n<meta property=\"article:modified_time\" content=\"2025-10-21T15:00:06+00:00\" \/>\n<meta property=\"og:image\" content=\"https:\/\/www.hotel-beauvoir.fr\/wp-content\/uploads\/sites\/511\/2025\/10\/10464408-1.png\" \/>\n<meta name=\"twitter:card\" content=\"summary_large_image\" \/>\n<meta name=\"twitter:label1\" content=\"Tempo di lettura stimato\" \/>\n\t<meta name=\"twitter:data1\" content=\"2 minuti\" \/>\n<script type=\"application\/ld+json\" class=\"yoast-schema-graph\">{\"@context\":\"https:\/\/schema.org\",\"@graph\":[{\"@type\":\"WebPage\",\"@id\":\"https:\/\/www.hotel-beauvoir.fr\/it\/chambres\/\",\"url\":\"https:\/\/www.hotel-beauvoir.fr\/it\/chambres\/\",\"name\":\"29 chambres qui r\u00e9pondent \u00e0 tous les besoins\",\"isPartOf\":{\"@id\":\"http:\/\/www.hotel-beauvoir.fr\/it\/#website\"},\"primaryImageOfPage\":{\"@id\":\"https:\/\/www.hotel-beauvoir.fr\/it\/chambres\/#primaryimage\"},\"image\":{\"@id\":\"https:\/\/www.hotel-beauvoir.fr\/it\/chambres\/#primaryimage\"},\"thumbnailUrl\":\"https:\/\/www.hotel-beauvoir.fr\/wp-content\/uploads\/sites\/511\/2025\/10\/10464408-1.png\",\"datePublished\":\"2022-12-27T08:57:43+00:00\",\"dateModified\":\"2025-10-21T15:00:06+00:00\",\"description\":\"S\u00e9journez dans l'une de nos 29 chambres disposant de tous les \u00e9quipements n\u00e9cessaires \u00e0 la r\u00e9ussite de votre s\u00e9jour.\",\"breadcrumb\":{\"@id\":\"https:\/\/www.hotel-beauvoir.fr\/it\/chambres\/#breadcrumb\"},\"inLanguage\":\"it-IT\",\"potentialAction\":[{\"@type\":\"ReadAction\",\"target\":[\"https:\/\/www.hotel-beauvoir.fr\/it\/chambres\/\"]}]},{\"@type\":\"ImageObject\",\"inLanguage\":\"it-IT\",\"@id\":\"https:\/\/www.hotel-beauvoir.fr\/it\/chambres\/#primaryimage\",\"url\":\"https:\/\/www.hotel-beauvoir.fr\/wp-content\/uploads\/sites\/511\/2025\/10\/10464408-1.png\",\"contentUrl\":\"https:\/\/www.hotel-beauvoir.fr\/wp-content\/uploads\/sites\/511\/2025\/10\/10464408-1.png\"},{\"@type\":\"BreadcrumbList\",\"@id\":\"https:\/\/www.hotel-beauvoir.fr\/it\/chambres\/#breadcrumb\",\"itemListElement\":[{\"@type\":\"ListItem\",\"position\":1,\"name\":\"Home\",\"item\":\"https:\/\/www.hotel-beauvoir.fr\/it\/\"},{\"@type\":\"ListItem\",\"position\":2,\"name\":\"CAMERE\"}]},{\"@type\":\"WebSite\",\"@id\":\"http:\/\/www.hotel-beauvoir.fr\/it\/#website\",\"url\":\"http:\/\/www.hotel-beauvoir.fr\/it\/\",\"name\":\"H\u00f4tel Beauvoir\",\"description\":\"\",\"potentialAction\":[{\"@type\":\"SearchAction\",\"target\":{\"@type\":\"EntryPoint\",\"urlTemplate\":\"http:\/\/www.hotel-beauvoir.fr\/it\/?s={search_term_string}\"},\"query-input\":{\"@type\":\"PropertyValueSpecification\",\"valueRequired\":true,\"valueName\":\"search_term_string\"}}],\"inLanguage\":\"it-IT\"}]}<\/script>\n<!-- \/ Yoast SEO plugin. -->","yoast_head_json":{"title":"29 chambres qui r\u00e9pondent \u00e0 tous les besoins","description":"S\u00e9journez dans l'une de nos 29 chambres disposant de tous les \u00e9quipements n\u00e9cessaires \u00e0 la r\u00e9ussite de votre s\u00e9jour.","robots":{"index":"index","follow":"follow","max-snippet":"max-snippet:-1","max-image-preview":"max-image-preview:large","max-video-preview":"max-video-preview:-1"},"canonical":"https:\/\/www.hotel-beauvoir.fr\/it\/chambres\/","og_locale":"it_IT","og_type":"article","og_title":"29 chambres qui r\u00e9pondent \u00e0 tous les besoins","og_description":"S\u00e9journez dans l'une de nos 29 chambres disposant de tous les \u00e9quipements n\u00e9cessaires \u00e0 la r\u00e9ussite de votre s\u00e9jour.","og_url":"https:\/\/www.hotel-beauvoir.fr\/it\/chambres\/","og_site_name":"H\u00f4tel Beauvoir","article_modified_time":"2025-10-21T15:00:06+00:00","og_image":[{"url":"https:\/\/www.hotel-beauvoir.fr\/wp-content\/uploads\/sites\/511\/2025\/10\/10464408-1.png","type":"","width":"","height":""}],"twitter_card":"summary_large_image","twitter_misc":{"Tempo di lettura stimato":"2 minuti"},"schema":{"@context":"https:\/\/schema.org","@graph":[{"@type":"WebPage","@id":"https:\/\/www.hotel-beauvoir.fr\/it\/chambres\/","url":"https:\/\/www.hotel-beauvoir.fr\/it\/chambres\/","name":"29 chambres qui r\u00e9pondent \u00e0 tous les besoins","isPartOf":{"@id":"http:\/\/www.hotel-beauvoir.fr\/it\/#website"},"primaryImageOfPage":{"@id":"https:\/\/www.hotel-beauvoir.fr\/it\/chambres\/#primaryimage"},"image":{"@id":"https:\/\/www.hotel-beauvoir.fr\/it\/chambres\/#primaryimage"},"thumbnailUrl":"https:\/\/www.hotel-beauvoir.fr\/wp-content\/uploads\/sites\/511\/2025\/10\/10464408-1.png","datePublished":"2022-12-27T08:57:43+00:00","dateModified":"2025-10-21T15:00:06+00:00","description":"S\u00e9journez dans l'une de nos 29 chambres disposant de tous les \u00e9quipements n\u00e9cessaires \u00e0 la r\u00e9ussite de votre s\u00e9jour.","breadcrumb":{"@id":"https:\/\/www.hotel-beauvoir.fr\/it\/chambres\/#breadcrumb"},"inLanguage":"it-IT","potentialAction":[{"@type":"ReadAction","target":["https:\/\/www.hotel-beauvoir.fr\/it\/chambres\/"]}]},{"@type":"ImageObject","inLanguage":"it-IT","@id":"https:\/\/www.hotel-beauvoir.fr\/it\/chambres\/#primaryimage","url":"https:\/\/www.hotel-beauvoir.fr\/wp-content\/uploads\/sites\/511\/2025\/10\/10464408-1.png","contentUrl":"https:\/\/www.hotel-beauvoir.fr\/wp-content\/uploads\/sites\/511\/2025\/10\/10464408-1.png"},{"@type":"BreadcrumbList","@id":"https:\/\/www.hotel-beauvoir.fr\/it\/chambres\/#breadcrumb","itemListElement":[{"@type":"ListItem","position":1,"name":"Home","item":"https:\/\/www.hotel-beauvoir.fr\/it\/"},{"@type":"ListItem","position":2,"name":"CAMERE"}]},{"@type":"WebSite","@id":"http:\/\/www.hotel-beauvoir.fr\/it\/#website","url":"http:\/\/www.hotel-beauvoir.fr\/it\/","name":"H\u00f4tel Beauvoir","description":"","potentialAction":[{"@type":"SearchAction","target":{"@type":"EntryPoint","urlTemplate":"http:\/\/www.hotel-beauvoir.fr\/it\/?s={search_term_string}"},"query-input":{"@type":"PropertyValueSpecification","valueRequired":true,"valueName":"search_term_string"}}],"inLanguage":"it-IT"}]}},"acf":[],"_links":{"self":[{"href":"https:\/\/www.hotel-beauvoir.fr\/it\/wp-json\/wp\/v2\/pages\/138","targetHints":{"allow":["GET"]}}],"collection":[{"href":"https:\/\/www.hotel-beauvoir.fr\/it\/wp-json\/wp\/v2\/pages"}],"about":[{"href":"https:\/\/www.hotel-beauvoir.fr\/it\/wp-json\/wp\/v2\/types\/page"}],"author":[{"embeddable":true,"href":"https:\/\/www.hotel-beauvoir.fr\/it\/wp-json\/wp\/v2\/users\/531"}],"replies":[{"embeddable":true,"href":"https:\/\/www.hotel-beauvoir.fr\/it\/wp-json\/wp\/v2\/comments?post=138"}],"version-history":[{"count":0,"href":"https:\/\/www.hotel-beauvoir.fr\/it\/wp-json\/wp\/v2\/pages\/138\/revisions"}],"wp:attachment":[{"href":"https:\/\/www.hotel-beauvoir.fr\/it\/wp-json\/wp\/v2\/media?parent=138"}],"curies":[{"name":"wp","href":"https:\/\/api.w.org\/{rel}","templated":true}]}}