{"id":152,"date":"2022-12-27T08:59:05","date_gmt":"2022-12-27T08:59:05","guid":{"rendered":"https:\/\/www.hotel-beauvoir.fr\/localisation\/"},"modified":"2025-10-21T15:02:29","modified_gmt":"2025-10-21T15:02:29","slug":"localisation","status":"publish","type":"page","link":"https:\/\/www.hotel-beauvoir.fr\/it\/localisation\/","title":{"rendered":"POSIZIONE"},"content":{"rendered":"<p>In prossimit\u00e0 del Senato e dei Giardini di Lussemburgo, del Pantheon e della Sorbona, tra Montparnasse e il quartiere Saint-Michel, l&#8217;Hotel Beauvoir permette di esplorare a piedi il centro di Parigi.<\/p>\n<p>Saint-Germain-des-Pr\u00e8s e le sue leggendarie brasseries: Lipp, Les Deux Magots, Le Caf\u00e9 de Flore. La Senna e l&#8217;\u00cele de la Cit\u00e9 con Notre-Dame, Montparnasse e i suoi ristoranti: La Coupole, Le S\u00e9lect, Le D\u00f4me, senza dimenticare la Rue de Rennes e i suoi negozi, il centro commerciale Montparnasse e il Bon March\u00e9 non aspettano che voi.<\/p>\n<p>La stazione della RER Port-Royal ai piedi dell&#8217;hotel vi metter\u00e0 tutta Parigi alla portata!<\/p>\n<p>&nbsp;<\/p>\n<p style=\"text-align: center\"><strong><span style=\"color: #bc9157\">SEGUICI\u00a0<\/span><\/strong><\/p>\n<p style=\"text-align: center\"><a style=\"text-decoration: none\" href=\"https:\/\/www.facebook.com\/profile.php?id=61556094165972\" target=\"_blank\" rel=\"noopener\"><img loading=\"lazy\" decoding=\"async\" class=\"\" src=\"https:\/\/www.hotel-beauvoir.fr\/wp-content\/uploads\/sites\/511\/2025\/10\/10464408-1.png\" width=\"41\" height=\"41\" \/> \u00a0<\/a><a style=\"text-decoration: none\" href=\"https:\/\/www.instagram.com\/hotelbeauvoirparis\/\" target=\"_blank\" rel=\"noopener\"><img loading=\"lazy\" decoding=\"async\" class=\"\" src=\"https:\/\/www.hotel-beauvoir.fr\/wp-content\/uploads\/sites\/511\/2025\/10\/v982-d3-04-1.png\" width=\"41\" height=\"41\" \/><\/a><\/p>\n","protected":false},"excerpt":{"rendered":"<p>In prossimit\u00e0 del Senato e dei Giardini di Lussemburgo, del Pantheon e della Sorbona, tra Montparnasse e il quartiere Saint-Michel, l&#8217;Hotel Beauvoir permette di esplorare a piedi il centro di Parigi. Saint-Germain-des-Pr\u00e8s e le sue leggendarie brasseries: Lipp, Les Deux Magots, Le Caf\u00e9 de Flore. La Senna e l&#8217;\u00cele de la Cit\u00e9 con Notre-Dame, Montparnasse [&hellip;]<\/p>\n","protected":false},"author":531,"featured_media":0,"parent":0,"menu_order":0,"comment_status":"closed","ping_status":"closed","template":"template-location.php","meta":{"footnotes":""},"class_list":["post-152","page","type-page","status-publish","hentry"],"yoast_head":"<!-- This site is optimized with the Yoast SEO plugin v26.9 - https:\/\/yoast.com\/product\/yoast-seo-wordpress\/ -->\n<title>POSIZIONE - H\u00f4tel Beauvoir<\/title>\n<meta name=\"description\" content=\"In prossimit\u00e0 del Senato e dei Giardini di Lussemburgo, del Pantheon e della Sorbona, tra Montparnasse e il quartiere Saint-Michel, l&#039;Hotel Beauvoir\" \/>\n<meta name=\"robots\" content=\"index, follow, max-snippet:-1, max-image-preview:large, max-video-preview:-1\" \/>\n<link rel=\"canonical\" href=\"https:\/\/www.hotel-beauvoir.fr\/it\/localisation\/\" \/>\n<meta property=\"og:locale\" content=\"it_IT\" \/>\n<meta property=\"og:type\" content=\"article\" \/>\n<meta property=\"og:title\" content=\"POSIZIONE - H\u00f4tel Beauvoir\" \/>\n<meta property=\"og:description\" content=\"In prossimit\u00e0 del Senato e dei Giardini di Lussemburgo, del Pantheon e della Sorbona, tra Montparnasse e il quartiere Saint-Michel, l&#039;Hotel Beauvoir\" \/>\n<meta property=\"og:url\" content=\"https:\/\/www.hotel-beauvoir.fr\/it\/localisation\/\" \/>\n<meta property=\"og:site_name\" content=\"H\u00f4tel Beauvoir\" \/>\n<meta property=\"article:modified_time\" content=\"2025-10-21T15:02:29+00:00\" \/>\n<meta property=\"og:image\" content=\"https:\/\/www.hotel-beauvoir.fr\/wp-content\/uploads\/sites\/511\/2025\/10\/10464408-1.png\" \/>\n<meta name=\"twitter:card\" content=\"summary_large_image\" \/>\n<meta name=\"twitter:label1\" content=\"Tempo di lettura stimato\" \/>\n\t<meta name=\"twitter:data1\" content=\"1 minuto\" \/>\n<script type=\"application\/ld+json\" class=\"yoast-schema-graph\">{\"@context\":\"https:\/\/schema.org\",\"@graph\":[{\"@type\":\"WebPage\",\"@id\":\"https:\/\/www.hotel-beauvoir.fr\/it\/localisation\/\",\"url\":\"https:\/\/www.hotel-beauvoir.fr\/it\/localisation\/\",\"name\":\"POSIZIONE - H\u00f4tel Beauvoir\",\"isPartOf\":{\"@id\":\"http:\/\/www.hotel-beauvoir.fr\/it\/#website\"},\"primaryImageOfPage\":{\"@id\":\"https:\/\/www.hotel-beauvoir.fr\/it\/localisation\/#primaryimage\"},\"image\":{\"@id\":\"https:\/\/www.hotel-beauvoir.fr\/it\/localisation\/#primaryimage\"},\"thumbnailUrl\":\"https:\/\/www.hotel-beauvoir.fr\/wp-content\/uploads\/sites\/511\/2025\/10\/10464408-1.png\",\"datePublished\":\"2022-12-27T08:59:05+00:00\",\"dateModified\":\"2025-10-21T15:02:29+00:00\",\"description\":\"In prossimit\u00e0 del Senato e dei Giardini di Lussemburgo, del Pantheon e della Sorbona, tra Montparnasse e il quartiere Saint-Michel, l'Hotel Beauvoir\",\"breadcrumb\":{\"@id\":\"https:\/\/www.hotel-beauvoir.fr\/it\/localisation\/#breadcrumb\"},\"inLanguage\":\"it-IT\",\"potentialAction\":[{\"@type\":\"ReadAction\",\"target\":[\"https:\/\/www.hotel-beauvoir.fr\/it\/localisation\/\"]}]},{\"@type\":\"ImageObject\",\"inLanguage\":\"it-IT\",\"@id\":\"https:\/\/www.hotel-beauvoir.fr\/it\/localisation\/#primaryimage\",\"url\":\"https:\/\/www.hotel-beauvoir.fr\/wp-content\/uploads\/sites\/511\/2025\/10\/10464408-1.png\",\"contentUrl\":\"https:\/\/www.hotel-beauvoir.fr\/wp-content\/uploads\/sites\/511\/2025\/10\/10464408-1.png\"},{\"@type\":\"BreadcrumbList\",\"@id\":\"https:\/\/www.hotel-beauvoir.fr\/it\/localisation\/#breadcrumb\",\"itemListElement\":[{\"@type\":\"ListItem\",\"position\":1,\"name\":\"Home\",\"item\":\"https:\/\/www.hotel-beauvoir.fr\/it\/\"},{\"@type\":\"ListItem\",\"position\":2,\"name\":\"POSIZIONE\"}]},{\"@type\":\"WebSite\",\"@id\":\"http:\/\/www.hotel-beauvoir.fr\/it\/#website\",\"url\":\"http:\/\/www.hotel-beauvoir.fr\/it\/\",\"name\":\"H\u00f4tel Beauvoir\",\"description\":\"\",\"potentialAction\":[{\"@type\":\"SearchAction\",\"target\":{\"@type\":\"EntryPoint\",\"urlTemplate\":\"http:\/\/www.hotel-beauvoir.fr\/it\/?s={search_term_string}\"},\"query-input\":{\"@type\":\"PropertyValueSpecification\",\"valueRequired\":true,\"valueName\":\"search_term_string\"}}],\"inLanguage\":\"it-IT\"}]}<\/script>\n<!-- \/ Yoast SEO plugin. -->","yoast_head_json":{"title":"POSIZIONE - H\u00f4tel Beauvoir","description":"In prossimit\u00e0 del Senato e dei Giardini di Lussemburgo, del Pantheon e della Sorbona, tra Montparnasse e il quartiere Saint-Michel, l'Hotel Beauvoir","robots":{"index":"index","follow":"follow","max-snippet":"max-snippet:-1","max-image-preview":"max-image-preview:large","max-video-preview":"max-video-preview:-1"},"canonical":"https:\/\/www.hotel-beauvoir.fr\/it\/localisation\/","og_locale":"it_IT","og_type":"article","og_title":"POSIZIONE - H\u00f4tel Beauvoir","og_description":"In prossimit\u00e0 del Senato e dei Giardini di Lussemburgo, del Pantheon e della Sorbona, tra Montparnasse e il quartiere Saint-Michel, l'Hotel Beauvoir","og_url":"https:\/\/www.hotel-beauvoir.fr\/it\/localisation\/","og_site_name":"H\u00f4tel Beauvoir","article_modified_time":"2025-10-21T15:02:29+00:00","og_image":[{"url":"https:\/\/www.hotel-beauvoir.fr\/wp-content\/uploads\/sites\/511\/2025\/10\/10464408-1.png","type":"","width":"","height":""}],"twitter_card":"summary_large_image","twitter_misc":{"Tempo di lettura stimato":"1 minuto"},"schema":{"@context":"https:\/\/schema.org","@graph":[{"@type":"WebPage","@id":"https:\/\/www.hotel-beauvoir.fr\/it\/localisation\/","url":"https:\/\/www.hotel-beauvoir.fr\/it\/localisation\/","name":"POSIZIONE - H\u00f4tel Beauvoir","isPartOf":{"@id":"http:\/\/www.hotel-beauvoir.fr\/it\/#website"},"primaryImageOfPage":{"@id":"https:\/\/www.hotel-beauvoir.fr\/it\/localisation\/#primaryimage"},"image":{"@id":"https:\/\/www.hotel-beauvoir.fr\/it\/localisation\/#primaryimage"},"thumbnailUrl":"https:\/\/www.hotel-beauvoir.fr\/wp-content\/uploads\/sites\/511\/2025\/10\/10464408-1.png","datePublished":"2022-12-27T08:59:05+00:00","dateModified":"2025-10-21T15:02:29+00:00","description":"In prossimit\u00e0 del Senato e dei Giardini di Lussemburgo, del Pantheon e della Sorbona, tra Montparnasse e il quartiere Saint-Michel, l'Hotel Beauvoir","breadcrumb":{"@id":"https:\/\/www.hotel-beauvoir.fr\/it\/localisation\/#breadcrumb"},"inLanguage":"it-IT","potentialAction":[{"@type":"ReadAction","target":["https:\/\/www.hotel-beauvoir.fr\/it\/localisation\/"]}]},{"@type":"ImageObject","inLanguage":"it-IT","@id":"https:\/\/www.hotel-beauvoir.fr\/it\/localisation\/#primaryimage","url":"https:\/\/www.hotel-beauvoir.fr\/wp-content\/uploads\/sites\/511\/2025\/10\/10464408-1.png","contentUrl":"https:\/\/www.hotel-beauvoir.fr\/wp-content\/uploads\/sites\/511\/2025\/10\/10464408-1.png"},{"@type":"BreadcrumbList","@id":"https:\/\/www.hotel-beauvoir.fr\/it\/localisation\/#breadcrumb","itemListElement":[{"@type":"ListItem","position":1,"name":"Home","item":"https:\/\/www.hotel-beauvoir.fr\/it\/"},{"@type":"ListItem","position":2,"name":"POSIZIONE"}]},{"@type":"WebSite","@id":"http:\/\/www.hotel-beauvoir.fr\/it\/#website","url":"http:\/\/www.hotel-beauvoir.fr\/it\/","name":"H\u00f4tel Beauvoir","description":"","potentialAction":[{"@type":"SearchAction","target":{"@type":"EntryPoint","urlTemplate":"http:\/\/www.hotel-beauvoir.fr\/it\/?s={search_term_string}"},"query-input":{"@type":"PropertyValueSpecification","valueRequired":true,"valueName":"search_term_string"}}],"inLanguage":"it-IT"}]}},"acf":[],"_links":{"self":[{"href":"https:\/\/www.hotel-beauvoir.fr\/it\/wp-json\/wp\/v2\/pages\/152","targetHints":{"allow":["GET"]}}],"collection":[{"href":"https:\/\/www.hotel-beauvoir.fr\/it\/wp-json\/wp\/v2\/pages"}],"about":[{"href":"https:\/\/www.hotel-beauvoir.fr\/it\/wp-json\/wp\/v2\/types\/page"}],"author":[{"embeddable":true,"href":"https:\/\/www.hotel-beauvoir.fr\/it\/wp-json\/wp\/v2\/users\/531"}],"replies":[{"embeddable":true,"href":"https:\/\/www.hotel-beauvoir.fr\/it\/wp-json\/wp\/v2\/comments?post=152"}],"version-history":[{"count":0,"href":"https:\/\/www.hotel-beauvoir.fr\/it\/wp-json\/wp\/v2\/pages\/152\/revisions"}],"wp:attachment":[{"href":"https:\/\/www.hotel-beauvoir.fr\/it\/wp-json\/wp\/v2\/media?parent=152"}],"curies":[{"name":"wp","href":"https:\/\/api.w.org\/{rel}","templated":true}]}}